{"id":748,"date":"2024-03-16T19:56:56","date_gmt":"2024-03-16T19:56:56","guid":{"rendered":"https:\/\/air.ba\/?page_id=748"},"modified":"2024-03-17T12:24:14","modified_gmt":"2024-03-17T12:24:14","slug":"ko-smo-mi","status":"publish","type":"page","link":"https:\/\/air.ba\/?page_id=748","title":{"rendered":"Ko smo mi"},"content":{"rendered":"\n<div class=\"wp-block-columns is-layout-flex wp-container-core-columns-is-layout-28f84493 wp-block-columns-is-layout-flex\">\n<div class=\"wp-block-column is-layout-flow wp-block-column-is-layout-flow\" style=\"flex-basis:33.33%\">\n<div class=\"wp-block-columns is-layout-flex wp-container-core-columns-is-layout-28f84493 wp-block-columns-is-layout-flex\">\n<div class=\"wp-block-column has-global-padding is-content-justification-center is-layout-constrained wp-container-core-column-is-layout-79afaa5a wp-block-column-is-layout-constrained\" style=\"padding-top:0;padding-right:var(--wp--preset--spacing--70);padding-bottom:0;padding-left:var(--wp--preset--spacing--70);flex-basis:75%\">\n<div class=\"wp-block-group wow zoomIn sidebar-box has-section-bg-background-color has-background has-global-padding is-layout-constrained wp-container-core-group-is-layout-c37c750b wp-block-group-is-layout-constrained\" style=\"border-radius:10px;border-top-color:var(--wp--preset--color--custom-color-1);border-top-width:4px;border-bottom-color:var(--wp--preset--color--custom-color-1);border-bottom-width:4px;margin-bottom:50px;padding-top:20px;padding-right:20px;padding-bottom:20px;padding-left:20px\">\n<ul class=\"wp-block-list\">\n<li><a href=\"https:\/\/air.ba\/?page_id=748\">Ko smo mi?<\/a><\/li>\n\n\n\n<li><a href=\"https:\/\/air.ba\/?page_id=749\">Na\u0161i ciljevi<\/a><\/li>\n\n\n\n<li><a href=\"https:\/\/air.ba\/?page_id=750\">Tijela udru\u017eenja<\/a><\/li>\n\n\n\n<li><a href=\"https:\/\/air.ba\/?page_id=754\">Naj\u010de\u0161\u0107e postavljena pitanja<\/a><\/li>\n<\/ul>\n<\/div>\n<\/div>\n<\/div>\n<\/div>\n\n\n\n<div class=\"wp-block-column is-layout-flow wp-block-column-is-layout-flow\" style=\"flex-basis:66.66%\">\n<h2 class=\"wp-block-heading has-custom-color-1-color has-text-color has-link-color wp-elements-313820f3b1ee4e983772f73107d41e98\" id=\"ko_smo_mi\"><strong>Ko smo mi?<\/strong><\/h2>\n\n\n\n<p>Akademsko-strukovno udru\u017eenje internih revizora u BiH je osnovano krajem 2014. godine sa sjedi\u0161tem u Sarajevu. Udru\u017eenje je osnovano uz podr\u0161ku Ekonomskog fakulteta Univerziteta u Sarajevu.<br>Mi razvijamo profesiju interne revizije i pru\u017eamo usluge internim revizorima.<\/p>\n\n\n\n<p>Na\u0161e edukacije, treninzi, usluge i resursi poma\u017eu internim revizorima da postanu jo\u0161 stru\u010dniji, profesionalniji, kompetentniji, te poma\u017eemo internim revizorima da njihov rad bude cijenjen na tr\u017ei\u0161tu FBiH.<\/p>\n\n\n\n<p>\u017delimo da promovi\u0161emo vrijednost struke interne revizije kako bi ova profesija imala va\u017enu ulogu u ostvarivanju ciljeva organizacije.<\/p>\n\n\n\n<hr class=\"wp-block-separator has-text-color has-custom-color-1-color has-alpha-channel-opacity has-custom-color-1-background-color has-background\"\/>\n\n\n\n<div style=\"height:15px\" aria-hidden=\"true\" class=\"wp-block-spacer\"><\/div>\n<\/div>\n<\/div>\n","protected":false},"excerpt":{"rendered":"<p>Ko smo mi? Akademsko-strukovno udru\u017eenje internih revizora u BiH je osnovano krajem 2014. godine sa sjedi\u0161tem u Sarajevu. Udru\u017eenje je osnovano uz podr\u0161ku Ekonomskog fakulteta Univerziteta u Sarajevu.Mi razvijamo profesiju interne revizije i pru\u017eamo usluge internim revizorima. Na\u0161e edukacije, treninzi, usluge i resursi poma\u017eu internim revizorima da postanu jo\u0161 stru\u010dniji, profesionalniji, kompetentniji, te poma\u017eemo internim [&hellip;]<\/p>\n","protected":false},"author":1,"featured_media":0,"parent":0,"menu_order":0,"comment_status":"closed","ping_status":"closed","template":"","meta":{"footnotes":""},"class_list":["post-748","page","type-page","status-publish","hentry"],"_links":{"self":[{"href":"https:\/\/air.ba\/index.php?rest_route=\/wp\/v2\/pages\/748","targetHints":{"allow":["GET"]}}],"collection":[{"href":"https:\/\/air.ba\/index.php?rest_route=\/wp\/v2\/pages"}],"about":[{"href":"https:\/\/air.ba\/index.php?rest_route=\/wp\/v2\/types\/page"}],"author":[{"embeddable":true,"href":"https:\/\/air.ba\/index.php?rest_route=\/wp\/v2\/users\/1"}],"replies":[{"embeddable":true,"href":"https:\/\/air.ba\/index.php?rest_route=%2Fwp%2Fv2%2Fcomments&post=748"}],"version-history":[{"count":6,"href":"https:\/\/air.ba\/index.php?rest_route=\/wp\/v2\/pages\/748\/revisions"}],"predecessor-version":[{"id":987,"href":"https:\/\/air.ba\/index.php?rest_route=\/wp\/v2\/pages\/748\/revisions\/987"}],"wp:attachment":[{"href":"https:\/\/air.ba\/index.php?rest_route=%2Fwp%2Fv2%2Fmedia&parent=748"}],"curies":[{"name":"wp","href":"https:\/\/api.w.org\/{rel}","templated":true}]}}