{"id":734,"date":"2024-03-16T19:39:53","date_gmt":"2024-03-16T19:39:53","guid":{"rendered":"https:\/\/air.ba\/?page_id=734"},"modified":"2024-03-27T11:16:40","modified_gmt":"2024-03-27T11:16:40","slug":"ostale-publikacije","status":"publish","type":"page","link":"https:\/\/air.ba\/?page_id=734","title":{"rendered":"Ostale publikacije"},"content":{"rendered":"\r\n<div class=\"wp-block-columns is-layout-flex wp-container-core-columns-is-layout-28f84493 wp-block-columns-is-layout-flex\">\r\n<div class=\"wp-block-column is-layout-flow wp-block-column-is-layout-flow\" style=\"flex-basis: 33.33%;\">\r\n<div class=\"wp-block-columns is-layout-flex wp-container-core-columns-is-layout-28f84493 wp-block-columns-is-layout-flex\">\r\n<div class=\"wp-block-column has-global-padding is-content-justification-center is-layout-constrained wp-container-core-column-is-layout-79afaa5a wp-block-column-is-layout-constrained\" style=\"flex-basis: 75%; padding: 0 var(--wp--preset--spacing--70) 0 var(--wp--preset--spacing--70);\">\r\n<div class=\"wp-block-group wow zoomIn sidebar-box has-section-bg-background-color has-background has-global-padding is-layout-constrained wp-container-core-group-is-layout-c37c750b wp-block-group-is-layout-constrained\" style=\"border-radius: 10px; border-top-color: var(--wp--preset--color--custom-color-1); border-top-width: 4px; border-bottom-color: var(--wp--preset--color--custom-color-1); border-bottom-width: 4px; margin-bottom: 50px; padding: 20px;\">\r\n<ul class=\"wp-block-list\">\r\n<li><a href=\"https:\/\/air.ba\/?page_id=731\">Zbornik radova<\/a><\/li>\r\n\r\n\r\n\r\n<li><a href=\"https:\/\/air.ba\/?page_id=734\">Ostale publikacije<\/a><\/li>\r\n\r\n\r\n\r\n<li><a href=\"https:\/\/air.ba\/?page_id=735\">Standardi<\/a><\/li>\r\n\r\n\r\n\r\n<li><a href=\"https:\/\/air.ba\/?page_id=733\">Baza znanja<\/a><\/li>\r\n<\/ul>\r\n<\/div>\r\n<\/div>\r\n<\/div>\r\n<\/div>\r\n\r\n\r\n\r\n<div class=\"wp-block-column is-layout-flow wp-block-column-is-layout-flow\" style=\"flex-basis: 66.66%;\">\r\n<h2 id=\"ko_smo_mi\" class=\"wp-block-heading has-custom-color-1-color has-text-color has-link-color wp-elements-8ab5258075d666943911948864775bfa\"><strong>Ostale publikacije<\/strong><\/h2>\r\n\r\n\r\n\r\n<p>Akademsko-strukovno udru\u017eenje je izradilo bro\u0161uru &#8211; stru\u010dnu publikaciju <strong>&#8220;Klju\u010dni rizici interne revizije u finansijskom sektoru &#8211; 2022&#8221;<\/strong>, a koja je namijenjena internim revizorima u finansijskim institucijama. U ovoj publikaciji je predstavljena zbirka klju\u010dnih rizika i prilika za koje se vjeruje da bi finansijske institucije trebale imati na svom radaru &#8211; i interna revizija u svojim planovima revizije.<\/p>\r\n<p>Rizici su identifikovani na osnovu istra\u017eivanja i predvi\u0111anja svjetskih institucija interne revizije, globalnih revizorskih ku\u0107a, te kroz razgovore sa \u010dlanovima Odbora za reviziju, izvr\u0161nim menad\u017ementom, i na kraju sa internim revizorima. U odnosu na rizike koji su identifikovani u toku 2021. godine, pojedini rizici su ostali nepromijenjeni i za 2022. godinu, neki su a\u017eurirani, a neki su dodani. Svi rizici trebaju imati univerzalnu primjenjivost na sve finansijske institucije, bez obzira na veli\u010dinu i strukturu. Rizici su predstavljeni prema redoslijedu va\u017enosti i ocjeni tokom ispitivanja.<\/p>\r\n<p><strong>CYBERSIGURNOST I PRIVATNOST PODATAKA:<\/strong> Rastu\u0107a sofisticiranost i raznovrsnost cyber napada i dalje uni\u0161tavaju brendove finansijskih institucija i njihovu reputaciju, \u0161to \u010desto rezultira katastrofalnim finansijskim posledicama. Ovaj rizik ispituje da li su finansijske institucije dovoljno pripremljene za upravljanje cyber prijetnjama koje bi mogle uzrokovati poreme\u0107aj i reputaciju. Sve ve\u0107a lista propisa iz jurisdikcija \u0161irom svijeta \u010dini privatnost podataka sve slo\u017eenijom i dinami\u010dnijom. Ovaj rizik ispituje kako finansijske institucije \u0161tite osjetljive podatke o kojima brinu i osiguravaju uskla\u0111enost za sve va\u017ee\u0107e zakone i propise.<\/p>\r\n<p><strong>UPRAVLJANJE TALENTIMA:<\/strong> Pove\u0107ana potreba i prihvatanje operacija na daljinu, uklju\u010duju\u0107i rad od ku\u0107e, kao i kontinuirani dinami\u010dni uslovi rada, redefini\u0161u na\u010din na koji se posao obavlja. Ovaj rizik ispituje izazove finansijskih institucija koje se suo\u010davaju u identifikaciji, sticanju, usavr\u0161avanju i zadr\u017eavanju pravog talenta za postizanje svojih ciljeva.<\/p>\r\n<p><strong>REGULATORNE PROMJENE:<\/strong> Fundamentalne promjene u apetitu vlade za dodatnom regulativom mogu dovesti do zna\u010dajnog uticaja na finansijske institucije, uklju\u010duju\u0107i i one koje se ne smatraju strogo regulisanim. Ovaj rizik ispituje izazove finansijske institucije koje se suo\u010davaju u dinami\u010dnom i dvosmislenom regulatornom okru\u017eenju.<\/p>\r\n<p><strong>UPRAVLJANJE TRE\u0106IM STRANAMA:<\/strong> Da bi finansijska institucija bila uspje\u0161na, ona mora odr\u017eavati zdrave i dobre odnose sa svojim eksternim poslovnim partnerima i dobavlja\u010dima. Ovaj rizik ispituje sposobnosti finansijske institucije da biraju i nadgledaju odnose sa tre\u0107im stranama. Poreme\u0107aj u uobi\u010dajenom poslovanju na globalnom nivou, ukorijenjen u globalnoj pandemiji, je naglasio potrebu za otporno\u0161\u0107u u lancima nabavke u cilju podr\u0161ke postizanju strate\u0161kih ciljeva finansijskih institucija. Ovaj rizik ispituje da li su finansijske institucije izgradile fleksibilnost da se prilagode trenutnim i budu\u0107im poreme\u0107ajima u lancu snabdevanja.<\/p>\r\n<p><strong>EKOLO\u0160KA, SOCIJALNA I UPRAVLJA\u010cKA PITANJA: <\/strong>Finansijske institucije se suo\u010davaju sa pove\u0107anim pritiskom zainteresovanih strana, uklju\u010duju\u0107i dioni\u010dare, regulatore, klijente i zaposlenike, da procijene i otkriju kako utje\u010du na okoli\u0161 u kojem djeluju. Ovaj rizik ispituje sposobnost finansijskih institucija da pouzdano mjere, procjenjuju i precizno izvje\u0161tavaju njihov uticaj na \u017eivotnu sredinu. Sve vi\u0161e se priznaje da finansijske institucije imaju zna\u010dajan uticaj na pojedince koje zapo\u0161ljavaju, koji rade u njihovom lancu vrijednosti, koji konzumiraju njihove proizvode i usluge i koji \u017eive u svojim zajednicama. Ovaj rizik ispituje sposobnost finansijskih institucija da razumiju i upravljaju direktnim i indirektnim uticajima koje njihove akcije imaju na pojedince i zajednicu. Upravljanje obuhvata sve aspekte upravljanja finansijskom institucijom \u2014 sistem pravila, praksi, procesa i kontrola po kojima funkcioni\u0161e. Ovaj rizik ispituje da li upravljanje finansijskim institucijama poma\u017ee ili ometa postizanje ciljeva.<\/p>\r\n<p><strong>EKONOMSKA I POLITI\u010cKA NESTABILNOST:<\/strong> Teku\u0107i uticaji pandemije u kombinaciji sa normalnom dinamikom makroekonomskih ciklusa ima potencijal da stvori volatilnost na tr\u017ei\u0161tima na kojima finansijske institucije djeluju. Ovaj rizik ispituje izazove i neizvjesnosti sa kojima se finansijske institucije suo\u010davaju u dinamici i potencijalno nestabilnom ekonomskom i politi\u010dkom okru\u017eenju.<\/p>\r\n<p><strong>DIGITALNA TRANSFORMACIJA:<\/strong> Tehnolo\u0161ki napredak \u2014 kao npr. robotska automatizacija procesa i ma\u0161insko u\u010denje \u2014 rapidno mijenjaju poslovanje u svijetu. Nalazimo se u eri inovativnih poslovnih modela. Ovaj rizik ispituje da li su finansijske institucije spremne da se prilagode i\/ili iskoriste prilike na tr\u017ei\u0161tu.<\/p>\r\n<p><strong>KONTINUITET POSLOVANJA: <\/strong>Mogu\u0107nosti kontinuiteta poslovanja pokazuju sposobnost finansijske institucije da za\u0161titi i odr\u017ei kriti\u010dne poslovne procese tokom incidentnog doga\u0111aja. U\u010dinkovito upravljanje poslovnom otporno\u0161\u0107u osigurava da finansijske institucije mogu sprije\u010diti, odgovoriti i oporaviti se od raznih oprativnih smetnji u radu.<\/p>\r\n\r\n\r\n<hr class=\"wp-block-separator has-text-color has-custom-color-1-color has-alpha-channel-opacity has-custom-color-1-background-color has-background\" \/>\r\n\r\n\r\n<div class=\"wp-block-spacer\" style=\"height: 15px;\" aria-hidden=\"true\">\u00a0<\/div>\r\n<\/div>\r\n<\/div>\r\n","protected":false},"excerpt":{"rendered":"<p>Ostale publikacije Akademsko-strukovno udru\u017eenje je izradilo bro\u0161uru &#8211; stru\u010dnu publikaciju &#8220;Klju\u010dni rizici interne revizije u finansijskom sektoru &#8211; 2022&#8221;, a koja je namijenjena internim revizorima u finansijskim institucijama. U ovoj publikaciji je predstavljena zbirka klju\u010dnih rizika i prilika za koje se vjeruje da bi finansijske institucije trebale imati na svom radaru &#8211; i interna revizija [&hellip;]<\/p>\n","protected":false},"author":1,"featured_media":0,"parent":0,"menu_order":0,"comment_status":"closed","ping_status":"closed","template":"","meta":{"footnotes":""},"class_list":["post-734","page","type-page","status-publish","hentry"],"_links":{"self":[{"href":"https:\/\/air.ba\/index.php?rest_route=\/wp\/v2\/pages\/734","targetHints":{"allow":["GET"]}}],"collection":[{"href":"https:\/\/air.ba\/index.php?rest_route=\/wp\/v2\/pages"}],"about":[{"href":"https:\/\/air.ba\/index.php?rest_route=\/wp\/v2\/types\/page"}],"author":[{"embeddable":true,"href":"https:\/\/air.ba\/index.php?rest_route=\/wp\/v2\/users\/1"}],"replies":[{"embeddable":true,"href":"https:\/\/air.ba\/index.php?rest_route=%2Fwp%2Fv2%2Fcomments&post=734"}],"version-history":[{"count":7,"href":"https:\/\/air.ba\/index.php?rest_route=\/wp\/v2\/pages\/734\/revisions"}],"predecessor-version":[{"id":1270,"href":"https:\/\/air.ba\/index.php?rest_route=\/wp\/v2\/pages\/734\/revisions\/1270"}],"wp:attachment":[{"href":"https:\/\/air.ba\/index.php?rest_route=%2Fwp%2Fv2%2Fmedia&parent=734"}],"curies":[{"name":"wp","href":"https:\/\/api.w.org\/{rel}","templated":true}]}}