{"id":733,"date":"2024-03-16T19:39:37","date_gmt":"2024-03-16T19:39:37","guid":{"rendered":"https:\/\/air.ba\/?page_id=733"},"modified":"2024-03-28T12:15:21","modified_gmt":"2024-03-28T12:15:21","slug":"baza-znanja","status":"publish","type":"page","link":"https:\/\/air.ba\/?page_id=733","title":{"rendered":"Baza znanja"},"content":{"rendered":"\n<div class=\"wp-block-columns is-layout-flex wp-container-core-columns-is-layout-28f84493 wp-block-columns-is-layout-flex\">\n<div class=\"wp-block-column is-layout-flow wp-block-column-is-layout-flow\" style=\"flex-basis:33.33%\">\n<div class=\"wp-block-columns is-layout-flex wp-container-core-columns-is-layout-28f84493 wp-block-columns-is-layout-flex\">\n<div class=\"wp-block-column has-global-padding is-content-justification-center is-layout-constrained wp-container-core-column-is-layout-79afaa5a wp-block-column-is-layout-constrained\" style=\"padding-top:0;padding-right:var(--wp--preset--spacing--70);padding-bottom:0;padding-left:var(--wp--preset--spacing--70);flex-basis:75%\">\n<div class=\"wp-block-group wow zoomIn sidebar-box has-section-bg-background-color has-background has-global-padding is-layout-constrained wp-container-core-group-is-layout-c37c750b wp-block-group-is-layout-constrained\" style=\"border-radius:10px;border-top-color:var(--wp--preset--color--custom-color-1);border-top-width:4px;border-bottom-color:var(--wp--preset--color--custom-color-1);border-bottom-width:4px;margin-bottom:50px;padding-top:20px;padding-right:20px;padding-bottom:20px;padding-left:20px\">\n<ul class=\"wp-block-list\">\n<li><a href=\"https:\/\/air.ba\/?page_id=731\">Zbornik radova<\/a><\/li>\n\n\n\n<li><a href=\"https:\/\/air.ba\/?page_id=734\">Ostale publikacije<\/a><\/li>\n\n\n\n<li><a href=\"https:\/\/air.ba\/?page_id=735\">Standardi<\/a><\/li>\n\n\n\n<li><a href=\"https:\/\/air.ba\/?page_id=733\">Baza znanja<\/a><\/li>\n<\/ul>\n<\/div>\n<\/div>\n<\/div>\n<\/div>\n\n\n\n<div class=\"wp-block-column is-layout-flow wp-block-column-is-layout-flow\" style=\"flex-basis:66.66%\">\n<h2 class=\"wp-block-heading has-custom-color-1-color has-text-color has-link-color wp-elements-cf4c300e6a460fb31c1cea5c33963713\" id=\"ko_smo_mi\"><strong>Baza znanja<\/strong><\/h2>\n\n\n\n<p><p><span class=\"jCAhz ChMk0b\"><span class=\"ryNqvb\">Novi Globalni standardi interne revizije, objavljeni 9. januara 2024., stupi\u0107e na snagu 9. januara 2025. Funkcije interne revizije bi mogle po\u010deti da usvajaju standarde sada.<\/span><\/span>&nbsp;<span class=\"jCAhz ChMk0b\"><span class=\"ryNqvb\">Standardi usmjeravaju svjetsku profesionalnu praksu interne revizije i slu\u017ee kao osnova za ocjenjivanje i podizanje kvaliteta funkcije interne revizije.<\/span><\/span>&nbsp;<span class=\"jCAhz ChMk0b\"><span class=\"ryNqvb\">U srcu Standarda je 15 vode\u0107ih na\u010dela (principa) koji omogu\u0107avaju efikasnu internu reviziju.<\/span><\/span><\/p>\n<p>Globalni standardi interne revizije (eng. Global Internal Audit Standards \u2013 GIAS) su glavna komponenta Me\u0111unarodnog okvira profesionalne prakse (eng. International Professional Practices Framework \u2013 IPPF). Novo a\u017euriranje rezultiralo je zna\u010dajnim promjenama koje su imale za cilj da pojednostave i razjasne standarde, kao i da unaprijede profesiju u budu\u0107nost.<\/p>\n<p><strong>U nastavku teksta se nalaze linkovi na klju\u010dne dokumente vezane uz novi IPPF:<\/strong><\/p>\n<ul>\n<li><a href=\"https:\/\/www.theiia.org\/en\/standards\/2024-standards\/global-internal-audit-standards\/free-documents\/complete-global-internal-audit-standards\/\">Kompletan set &#8211; Novi Globalni standardi interne revizij na engleskom jeziku<\/a><\/li>\n<\/ul>\n<p>Standardi usmjeravaju globalnu profesionalnu praksu interne revizije, temelje se na principima i slu\u017ee kao osnova za evaluaciju i unapre\u0111enje kvalitete funkcije interne revizije. U srcu Standarda je 15 vode\u0107ih principa koji omogu\u0107avaju efikasnu internu reviziju. Svaki princip podr\u017ean je standardima koji sadr\u017ee zahtjeve, razmatranja za implementaciju i primjere dokaza o uskla\u0111enosti. Zajedno, ovi elementi poma\u017eu internim revizorima da ostvare principe i ispune svrhu interne revizije.<\/p>\n<ul>\n<li><a href=\"https:\/\/www.theiia.org\/en\/standards\/2024-standards\/global-internal-audit-standards\/free-documents\/condensed-global-internal-audit-standards\/\">Sa\u017eeti dokument &#8211; Novi Globalni standardi interne revizije na engleskom jeziku<\/a><\/li>\n<\/ul>\n<p>Verzija &#8220;Skra\u0107ena&#8221; verzija Standarda &#8211; bez preporu\u010denih uputa o razmatranjima za implementaciju i primjerima dokaza o uskla\u0111enosti &#8211; pru\u017ea se prakti\u010darima koji \u017eele verziju koja uklju\u010duje samo obavezne smjernice.<\/p>\n<ul>\n<li><a href=\"https:\/\/www.theiia.org\/en\/standards\/2024-standards\/global-internal-audit-standards\/free-documents\/report-on-the-standard-setting-and-public-comment-process\/\">Izvje\u0161taj o postupku postavljanja standarda i javnom komentarisanju<\/a><\/li>\n<\/ul>\n<p>Ovaj izvje\u0161taj opisuje ciljeve i procese Instituta internih revizora (IIA) za postavljanje standarda za profesiju interne revizije. Izvje\u0161taj je namijenjen promovisanju povjerenja me\u0111u \u010dlanovima IIA i zainteresovanim stranama u rigoroznost, inkluzivnost i nadzor koji se primjenjuju na procese postavljanja Globalnih standarda interne revizije. Izvje\u0161taj je podijeljen u sljede\u0107e sekcije: roces postavljanja standarda, uklju\u010duju\u0107i aspekte upravljanja i razvoja sadr\u017eaja, zatim procesi izlaganja nacrta za javni komentar i primanja, analize i odlaganja javnih komentara za stvaranje kona\u010dnog nacrta, te na kraju raspolaganje glavnim i dodatnim temama u javnim komentarima.<\/p>\n<ul>\n<li><a href=\"https:\/\/www.theiia.org\/en\/standards\/2024-standards\/global-internal-audit-standards\/free-documents\/glossary-comparison-2024-global-internal-audit-standards-to-2017-standards\/\">Usporedba rje\u010dnika: Globalni standardi interne revizije 2024 u odnosu na standarde iz 2017.<\/a><\/li>\n<\/ul>\n<p>Pojmovi uklju\u010deni u Rje\u010dnik globalnih standarda interne revizije 2024 su oni za koje je Me\u0111unarodno povjerenstvo za standarde interne revizije nastojalo osigurati zajedni\u010dko zna\u010denje na globalnoj razini i dosljednu upotrebu kroz sadr\u017eaj Standarda i Me\u0111unarodnog okvira profesionalnih praksi.<\/p>\n<ul>\n<li><a href=\"https:\/\/www.theiia.org\/en\/standards\/2024-standards\/global-internal-audit-standards\/free-documents\/two-way-mapping-2017-ippf-mandatory-elements-to-2024-global-internal-audit-standards-and-back\/\">Dvosmjerno mapiranje: Obavezni elementi IPPF-a iz 2017. prema Globalnim standardima interne revizije 2024<\/a><\/li>\n<\/ul>\n<p>Globalni standardi interne revizijeTM, objavljeni 9. sije\u010dnja 2024., uklju\u010duju sadr\u017eaj ne samo iz Me\u0111unarodnih standarda za profesionalnu praksu interne revizije iz 2017., ve\u0107 i sljede\u0107e obavezne upute Me\u0111unarodnog okvira profesionalnih praksi (IPPF): Kodeks etike, Osnovna na\u010dela za profesionalnu praksu interne revizije, Definicija interne revizije i Misija interne revizije. IIA Global je kreirao dvije tablice kako bi korisnicima pomogao razumjeti promjene: prva mapira elemente iz 2017. u njihove ekvivalente u Globalnim standardima interne revizije 2024.; druga mapira zahtjeve i osnovne uslove iz Standarda 2024. u njihove ekvivalente u IPPF-u iz 2017.<\/p>\n<p><strong>Primjena standarda \u2013 Dodatni resursi<\/strong><\/p>\n<p>Novi Me\u0111unarodni okvir profesionalnih praksi (IPPF) uklju\u010duje:<\/p>\n<ul>\n<li><a href=\"https:\/\/www.theiia.org\/en\/standards\/2024-standards\/global-internal-audit-standards\/free-documents\/complete-global-internal-audit-standards\/\">Globalne standarde interne revizije <\/a><\/li>\n<li><a href=\"https:\/\/www.theiia.org\/en\/standards\/2024-standards\/topical-requirements\/\">Tematske zahtjeve<\/a>: novi element IPPF-a, koji \u0107e uskoro biti dostupan i koji \u0107e djelovati u saradnji s Globalnim standardima interne revizije.<\/li>\n<li><a href=\"https:\/\/www.theiia.org\/en\/standards\/2024-standards\/global-guidance\/\">Globalni vodi\u010d<\/a>: Globalne vodi\u010de za praksu, Globalne vodi\u010de za reviziju tehnologije i druge neobavezne smjernice.<\/li>\n<\/ul><\/p>\n\n\n\n<hr class=\"wp-block-separator has-text-color has-custom-color-1-color has-alpha-channel-opacity has-custom-color-1-background-color has-background\"\/>\n\n\n\n<div style=\"height:15px\" aria-hidden=\"true\" class=\"wp-block-spacer\"><\/div>\n<\/div>\n<\/div>\n","protected":false},"excerpt":{"rendered":"<p>Baza znanja Novi Globalni standardi interne revizije, objavljeni 9. januara 2024., stupi\u0107e na snagu 9. januara 2025. Funkcije interne revizije bi mogle po\u010deti da usvajaju standarde sada.&nbsp;Standardi usmjeravaju svjetsku profesionalnu praksu interne revizije i slu\u017ee kao osnova za ocjenjivanje i podizanje kvaliteta funkcije interne revizije.&nbsp;U srcu Standarda je 15 vode\u0107ih na\u010dela (principa) koji omogu\u0107avaju efikasnu [&hellip;]<\/p>\n","protected":false},"author":1,"featured_media":0,"parent":0,"menu_order":0,"comment_status":"closed","ping_status":"closed","template":"","meta":{"footnotes":""},"class_list":["post-733","page","type-page","status-publish","hentry"],"_links":{"self":[{"href":"https:\/\/air.ba\/index.php?rest_route=\/wp\/v2\/pages\/733","targetHints":{"allow":["GET"]}}],"collection":[{"href":"https:\/\/air.ba\/index.php?rest_route=\/wp\/v2\/pages"}],"about":[{"href":"https:\/\/air.ba\/index.php?rest_route=\/wp\/v2\/types\/page"}],"author":[{"embeddable":true,"href":"https:\/\/air.ba\/index.php?rest_route=\/wp\/v2\/users\/1"}],"replies":[{"embeddable":true,"href":"https:\/\/air.ba\/index.php?rest_route=%2Fwp%2Fv2%2Fcomments&post=733"}],"version-history":[{"count":12,"href":"https:\/\/air.ba\/index.php?rest_route=\/wp\/v2\/pages\/733\/revisions"}],"predecessor-version":[{"id":1441,"href":"https:\/\/air.ba\/index.php?rest_route=\/wp\/v2\/pages\/733\/revisions\/1441"}],"wp:attachment":[{"href":"https:\/\/air.ba\/index.php?rest_route=%2Fwp%2Fv2%2Fmedia&parent=733"}],"curies":[{"name":"wp","href":"https:\/\/api.w.org\/{rel}","templated":true}]}}