{"id":717,"date":"2024-03-16T19:28:11","date_gmt":"2024-03-16T19:28:11","guid":{"rendered":"https:\/\/air.ba\/?page_id=717"},"modified":"2024-03-27T20:06:07","modified_gmt":"2024-03-27T20:06:07","slug":"propisi","status":"publish","type":"page","link":"https:\/\/air.ba\/?page_id=717","title":{"rendered":"Propisi"},"content":{"rendered":"\n<div class=\"wp-block-columns is-layout-flex wp-container-core-columns-is-layout-28f84493 wp-block-columns-is-layout-flex\">\n<div class=\"wp-block-column is-layout-flow wp-block-column-is-layout-flow\" style=\"flex-basis:33.33%\">\n<div class=\"wp-block-columns is-layout-flex wp-container-core-columns-is-layout-28f84493 wp-block-columns-is-layout-flex\">\n<div class=\"wp-block-column has-global-padding is-content-justification-center is-layout-constrained wp-container-core-column-is-layout-79afaa5a wp-block-column-is-layout-constrained\" style=\"padding-top:0;padding-right:var(--wp--preset--spacing--70);padding-bottom:0;padding-left:var(--wp--preset--spacing--70);flex-basis:75%\">\n<div class=\"wp-block-group wow zoomIn sidebar-box has-section-bg-background-color has-background has-global-padding is-layout-constrained wp-container-core-group-is-layout-c37c750b wp-block-group-is-layout-constrained\" style=\"border-radius:10px;border-top-color:var(--wp--preset--color--custom-color-1);border-top-width:4px;border-bottom-color:var(--wp--preset--color--custom-color-1);border-bottom-width:4px;margin-bottom:50px;padding-top:20px;padding-right:20px;padding-bottom:20px;padding-left:20px\">\n<ul class=\"wp-block-list\">\n<li><a href=\"https:\/\/air.ba\/?page_id=714\">Kontinuirana edukacija<\/a><\/li>\n\n\n\n<li><a href=\"https:\/\/air.ba\/?page_id=715\">KPE \u2013 bodovi<\/a><\/li>\n\n\n\n<li><a href=\"https:\/\/air.ba\/?page_id=716\">Edukacija na zahtjev<\/a><\/li>\n\n\n\n<li><a href=\"https:\/\/air.ba\/?page_id=717\">Propisi<\/a><\/li>\n<\/ul>\n<\/div>\n<\/div>\n<\/div>\n<\/div>\n\n\n\n<div class=\"wp-block-column is-layout-flow wp-block-column-is-layout-flow\" style=\"flex-basis:66.66%\">\n<h2 class=\"wp-block-heading has-custom-color-1-color has-text-color has-link-color wp-elements-e30efc0f3f76358a45961a2eb9fe1bf6\" id=\"ko_smo_mi\"><strong>Propisi<\/strong><\/h2>\n\n\n\n<p><\/p>\n\n\n\n<p><strong>Registar propisa Ministarstva finansija i trezora BiH \u2013 Centralna harmonizacijska jedinica:<\/strong><\/p>\n\n\n\n<ul class=\"wp-block-list\">\n<li><a href=\"https:\/\/chj.mft.gov.ba\/Content\/OpenAttachment?id=63e947b3-dddc-408f-9ed3-f33d29fb9ae3&amp;lang=hr\" target=\"_blank\" rel=\"noreferrer noopener\">Zakon o unutarnjoj reviziji institucija Bosne i Hercegovine (\u201cSlu\u017ebeni glasnik BiH\u201d, broj 27\/08)<\/a><\/li>\n\n\n\n<li><a href=\"https:\/\/chj.mft.gov.ba\/Content\/OpenAttachment?id=a5e3b858-ed87-492e-93f6-8e38c551ae26&amp;lang=hr\" target=\"_blank\" rel=\"noreferrer noopener\">Zakon o izmjenama Zakona o unutarnjoj reviziji institucija Bosne i Hercegovine (\u201cSlu\u017ebeni glasnik BiH\u201d, 32\/12)<\/a><\/li>\n\n\n\n<li><a href=\"http:\/\/www.sluzbenilist.ba\/page\/akt\/Ofgztz5k76kjn45hi0FK2neE=\" target=\"_blank\" rel=\"noreferrer noopener\">Pravilnik o zapo\u0161ljavanju unutarnjih revizora u institucijama Bosne i Hercegovine (\u201eSlu\u017ebeni glasnik BiH\u201c, broj 81\/12)<\/a><\/li>\n\n\n\n<li><a href=\"http:\/\/www.sluzbenilist.ba\/page\/akt\/8QMd4983Yo0=\" target=\"_blank\" rel=\"noreferrer noopener\">Pravilnik o izmjenama pravilnika o zapo\u0161ljavanju unutarnjih revizora u institucijama Bosne i Hercegovine (\u201cSlu\u017ebeni glasnik BiH\u201d, broj 99\/14)<\/a><\/li>\n\n\n\n<li><a href=\"https:\/\/chj.mft.gov.ba\/Content\/OpenAttachment?id=75a181f1-9f38-4b4b-be33-723cf8de5f57&amp;lang=hr\" target=\"_blank\" rel=\"noreferrer noopener\">Eti\u010dki kodeks\/Kodeks profesionalne etike za unutarnje revizore u institucijama Bosne i Hercegovine<\/a><\/li>\n\n\n\n<li><a href=\"https:\/\/chj.mft.gov.ba\/Content\/OpenAttachment?id=01cb3f1c-b0c2-45c8-ab0e-8d66889ff22b&amp;lang=hr\" target=\"_blank\" rel=\"noreferrer noopener\">Okvirni program obuke i certifikacije unutarnjih revizora za javni sektor u Bosni i Hercegovini<\/a><\/li>\n\n\n\n<li><a href=\"https:\/\/chj.mft.gov.ba\/Content\/OpenAttachment?id=c485a413-2e40-4efa-9398-48b84df9e10f&amp;lang=hr\" target=\"_blank\" rel=\"noreferrer noopener\">Uputstvo o kontinuiranoj profesionalnoj edukaciji unutarnjih revizora u institucijama Bosne i Hercegovine (\u201cSlu\u017ebeni glasnik\u201d, broj 97\/15)<\/a><\/li>\n\n\n\n<li><a href=\"https:\/\/chj.mft.gov.ba\/Content\/OpenAttachment?id=8e6f06ee-7bc8-4346-8f7b-465e969d0044&amp;lang=hr\" target=\"_blank\" rel=\"noreferrer noopener\">Odluka o usvajanju standarda unutarnje revizije u institucijama Bosne i Hercegovine (\u201cSlu\u017ebeni glasnik BiH\u201d, broj 93\/17)<\/a><\/li>\n\n\n\n<li><a href=\"https:\/\/chj.mft.gov.ba\/Content\/OpenAttachment?id=069ae3c3-450f-45ac-ac70-977b667d7c39&amp;lang=hr\" target=\"_blank\" rel=\"noreferrer noopener\">Odluka o kriterijima za uspostavu jedinica unutarnje revizije u institucijama Bosne i Hercegovine (\u201cSlu\u017ebeni glasnik BiH\u201d, broj 59\/19)<\/a><\/li>\n\n\n\n<li><a href=\"https:\/\/chj.mft.gov.ba\/Content\/OpenAttachment?id=f7f51cad-d427-4639-8f72-61514a3a1eec&amp;lang=hr\" target=\"_blank\" rel=\"noreferrer noopener\">Izmjene i dopune Programa obuke i certificiranja unutarnjih revizora u institucijama Bosne i Hercegovine (\u201cSlu\u017ebeni glasnik BiH\u201d, broj 89\/18)<\/a><\/li>\n\n\n\n<li><a href=\"http:\/\/www.sluzbenilist.ba\/page\/akt\/pnYaP6ydKzk=\" target=\"_blank\" rel=\"noreferrer noopener\">Program obuke i certificiranja unutarnjih revizora u institucijama Bosne i Hercegovine<\/a><\/li>\n\n\n\n<li><a href=\"https:\/\/chj.mft.gov.ba\/Content\/OpenAttachment?id=719aca53-87f1-4a43-bdec-d88ec140d866&amp;lang=hr\" target=\"_blank\" rel=\"noreferrer noopener\">Priru\u010dnik za reviziju u\u010dinka za unutarnje revizore u institucijama Bosne i Hercegovine<\/a><\/li>\n\n\n\n<li><a href=\"https:\/\/chj.mft.gov.ba\/Content\/OpenAttachment?id=d673043b-4aa9-4402-91c2-e06264d87eb3&amp;lang=hr\" target=\"_blank\" rel=\"noreferrer noopener\">Odluka o na\u010dinu bodovanja, evidentiranja i izvje\u0161\u0107ivanja o kontinuiranoj profesionalnoj edukaciji unutarnjih revizora u institucijama Bosne i Hercegovine (\u201cSlu\u017ebeni glasnik BiH\u201d, broj 56\/17)<\/a><\/li>\n\n\n\n<li><a href=\"https:\/\/chj.mft.gov.ba\/Content\/OpenAttachment?id=2c058640-63a9-4569-8b82-9f9038875336&amp;lang=hr\" target=\"_blank\" rel=\"noreferrer noopener\">Dopuna odluke o na\u010dinu bodovanja kontinuirane profesionalne edukacije unutarnjih revizora u institucijama Bosne i Hercegovine (\u201cSlu\u017ebeni glasnik BiH\u201d, broj 65\/19)<\/a><\/li>\n\n\n\n<li><a href=\"https:\/\/chj.mft.gov.ba\/Content\/OpenAttachment?id=072ec7cd-5ab9-4e8e-9b0e-3f8cb73187df&amp;lang=hr\">Priru\u010dnik za unutarnju reviziju u institucijama Bosne i Hercegovine<\/a><\/li>\n\n\n\n<li><a href=\"https:\/\/chj.mft.gov.ba\/Content\/OpenAttachment?id=2782362a-7b6d-4cab-b65b-db38a74d241a&amp;lang=hr\" target=\"_blank\" rel=\"noreferrer noopener\">Odluka o dono\u0161enju Priru\u010dnika za unutarnju reviziju u institucijama Bosne i Hercegovine (\u201cSlu\u017ebeni glasnik BiH\u201d, broj 73\/21)<\/a><\/li>\n\n\n\n<li><a href=\"https:\/\/chj.mft.gov.ba\/Content\/OpenAttachment?id=6c5273e8-f3ba-4961-9cbf-87eba937e4e7&amp;lang=hr\">Pravilnik o provedbi osiguranja i unapre\u0111enja kvaliteta unutarnje revizije u institucijama BiH<\/a><\/li>\n\n\n\n<li><a href=\"https:\/\/chj.mft.gov.ba\/Content\/OpenAttachment?id=91a34f48-3c16-4f4f-addb-64b2e15018dd&amp;lang=hr\">Odluka o dono\u0161enju Pravilnika o provedbi osiguranja i unapre\u0111enja kvaliteta unutarnje revizije u institucijama BiH (\u201cSlu\u017ebeni glasnik BiH\u201d, broj 74\/21)<\/a><\/li>\n\n\n\n<li><a href=\"https:\/\/chj.mft.gov.ba\/Content\/Read\/propisi-ir\">Svi propisi Ministarstva finansija i trezora BiH \u2013 Centralna harmonizacijska jedinica<\/a><\/li>\n<\/ul>\n\n\n\n<p><strong>Registar propisa Federalnog Ministarstva finansija \u2013 Centralna harmonizacijska jedinica:<\/strong><\/p>\n\n\n\n<ul class=\"wp-block-list\">\n<li><a href=\"http:\/\/www.fmf.gov.ba\/v2\/userfiles\/userfiles\/file\/CHJ\/ZAKON%20o%20internoj%20reviziji%20u%20javnom%20sektoru%20u%20Federaciji%20BiH.pdf\" target=\"_blank\" rel=\"noreferrer noopener\">Zakon o internoj reviziji u javnom sektoru u FBiH<\/a><\/li>\n\n\n\n<li><a href=\"http:\/\/www.fmf.gov.ba\/v2\/userfiles\/userfiles\/file\/CHJ\/Pravilnik%20o%20kriterijima%20za%20uspostavljanje%20jedinica%20za%20internu%20reviziju%20u%20javnom%20sektoru%20u%20Federaciji%20BiH.pdf\" target=\"_blank\" rel=\"noreferrer noopener\">Pravilnik o kriterijima za uspostavljanje jedinica za internu reviziju u javnom sektoru u FBiH<\/a><\/li>\n\n\n\n<li><a href=\"http:\/\/www.fmf.gov.ba\/v2\/userfiles\/userfiles\/file\/CHJ\/Pravilnik%20o%20izmjenama%20i%20dopunama%20pravilnika%20o%20kriterijima%20za%20uspostavljanje%20jedinica%20za%20internu%20reviziju%20u%20javnom%20sektoru%20u%20Federaciji%20BiH.pdf\" target=\"_blank\" rel=\"noreferrer noopener\">Izmjene i dopune Pravilnika o kriterijima za uspostavljanje jedinica za internu reviziju u javnom sektoru u FBiH<\/a><\/li>\n\n\n\n<li><a href=\"http:\/\/www.fmf.gov.ba\/v2\/userfiles\/userfiles\/file\/CHJ\/Pravilnik%20o%20uslovima%20za%20obavljanje%20poslova%20interne%20revizije%20u%20javnom%20sektoru%20u%20Federaciji.pdf\" target=\"_blank\" rel=\"noreferrer noopener\">Pravilnik o uslovima za obavljanje poslova interne revizije u javnom sektoru u Federaciji BiH<\/a><\/li>\n<\/ul>\n\n\n\n<p><strong>Registar propisa Ministarstva finansija Republike Srpske \u2013 Centralna harmonizacijska jedinica:<\/strong><\/p>\n\n\n\n<ul class=\"wp-block-list\">\n<li><a href=\"http:\/\/www.vladars.net\/sr-SP-Cyrl\/Vlada\/Ministarstva\/mf\/Documents\/%D0%97%D0%B0%D0%BA%D0%BE%D0%BD%20%D0%BE%20%D0%B8%D0%BD%D1%82%D0%B5%D1%80%D0%BD%D0%BE%D1%98%20%D1%80%D0%B5%D0%B2%D0%B8%D0%B7%D0%B8%D1%98%D0%B8%20%D1%83%20%D1%98%D0%B0%D0%B2%D0%BD%D0%BE%D0%BC%20%D1%81%D0%B5%D0%BA%D1%82%D0%BE%D1%80%D1%83%20%D0%A0%D0%A1.pdf\">Zakon o internoj reviziji u javnom sektoru Republike Srpske<\/a><\/li>\n\n\n\n<li><a href=\"https:\/\/vladars.rs\/sr-SP-Cyrl\/Vlada\/Ministarstva\/mf\/Documents\/%D0%A3%D0%BF%D1%83%D1%82%D1%81%D1%82%D0%B2%D0%BE%20%D0%B7%D0%B0%20%D0%B8%D0%BD%D1%82%D0%B5%D1%80%D0%BD%D0%B5%20%D1%80%D0%B5%D0%B2%D0%B8%D0%B7%D0%BE%D1%80%D0%B5%20%D1%98%D0%B0%D0%B2%D0%BD%D0%BE%D0%B3%20%D1%81%D0%B5%D0%BA%D1%82%D0%BE%D1%80%D0%B0%20%D0%A0%D0%B5%D0%BF%D1%83%D0%B1%D0%BB%D0%B8%D0%BA%D0%B5%20%D0%A1%D1%80%D0%BF%D1%81%D0%BA%D0%B5,%20%D0%A1%D0%BB.%20%D0%B3%D0%BB.%20%D0%A0%D0%A1%2084_17_343994946.pdf\">Uputstvo za interne revizore javnog sektora Republike Srpske (\u201cSlu\u017ebeni Glasnik RS\u201d, broj 84\/17)<\/a><\/li>\n\n\n\n<li><a href=\"https:\/\/vladars.rs\/sr-SP-Cyrl\/Vlada\/Ministarstva\/mf\/Documents\/%D0%9F%D1%80%D0%B0%D0%B2%D0%B8%D0%BB%D0%BD%D0%B8%D0%BA%20%D0%BE%20%D1%83%D1%81%D0%BB%D0%BE%D0%B2%D0%B8%D0%BC%D0%B0%20%D0%B7%D0%B0%20%D0%B7%D0%B0%D0%BF%D0%BE%D1%88%D1%99%D0%B0%D0%B2%D0%B0%D1%9A%D0%B5,%20%20%D1%81%D1%82%D0%B0%D1%82%D1%83%D1%81%D1%83%20%D0%B8%20%D0%BF%D0%BE%D0%BB%D0%BE%D0%B6%D0%B0%D1%98%D1%83%20%D0%B8%D0%BD%D1%82%D0%B5%D1%80%D0%BD%D0%B8%D1%85%20%D1%80%D0%B5%D0%B2%D0%B8%D0%B7%D0%BE%D1%80%D0%B0%20%D1%83%20%D1%98%D0%B0%D0%B2%D0%BD%D0%BE%D0%BC%20%D1%81%D0%B5%D0%BA%D1%82%D0%BE%D1%80%D1%83_360444573.pdf\">Pravilnik o uslovima za zapo\u0161ljavanje, statusu i polo\u017eaju internih revizora u javnom sektoru<\/a><\/li>\n\n\n\n<li><a href=\"https:\/\/vladars.rs\/sr-SP-Cyrl\/Vlada\/Ministarstva\/mf\/Documents\/%D0%9F%D1%80%D0%B8%D1%80%D1%83%D1%87%D0%BD%D0%B8%D0%BA%20%D0%B7%D0%B0%20%D0%B8%D0%BD%D1%82%D0%B5%D1%80%D0%BD%D0%B5%20%D1%80%D0%B5%D0%B2%D0%B8%D0%B7%D0%BE%D1%80%D0%B5%20%D1%83%20%D1%98%D0%B0%D0%B2%D0%BD%D0%BE%D0%BC%20%D1%81%D0%B5%D0%BA%D1%82%D0%BE%D1%80%D1%83%20%D0%A0%D0%B5%D0%BF%D1%83%D0%B1%D0%BB%D0%B8%D0%BA%D0%B5%20%D0%A1%D1%80%D0%BF%D1%81%D0%BA%D0%B5_302005753.docx\">Priru\u010dnik za interne revizore u javnom sektoru Republike Srpske<\/a><\/li>\n\n\n\n<li><a href=\"https:\/\/vladars.rs\/sr-SP-Cyrl\/Vlada\/Ministarstva\/mf\/Documents\/%D0%9C%D0%B5%D1%92%D1%83%D0%BD%D0%B0%D1%80%D0%BE%D0%B4%D0%BD%D0%B8%20%D1%81%D1%82%D0%B0%D0%BD%D0%B4%D0%B0%D1%80%D0%B4%D0%B8%20%D0%BF%D1%80%D0%BE%D1%84%D0%B5%D1%81%D0%B8%D0%BE%D0%BD%D0%B0%D0%BB%D0%BD%D0%B5%20%D0%BF%D1%80%D0%B0%D0%BA%D1%81%D0%B5%20%D0%B8%D0%BD%D1%82%D0%B5%D1%80%D0%BD%D0%B5%20%D1%80%D0%B5%D0%B2%D0%B8%D0%B7%D0%B8%D1%98%D0%B5_315239627.pdf\">Me\u0111unarodni standardi profesionalne prakse interne revizije<\/a><\/li>\n\n\n\n<li><a href=\"https:\/\/vladars.rs\/sr-SP-Cyrl\/Vlada\/Ministarstva\/mf\/Documents\/%D0%9A%D0%BE%D0%B4%D0%B5%D0%BA%D1%81%20%D0%BF%D1%80%D0%BE%D1%84%D0%B5%D1%81%D0%B8%D0%BE%D0%BD%D0%B0%D0%BB%D0%BD%D0%B5%20%D0%B5%D1%82%D0%B8%D0%BA%D0%B5%20%D0%B7%D0%B0%20%D0%B8%D0%BD%D1%82%D0%B5%D1%80%D0%BD%D0%B5%20%D1%80%D0%B5%D0%B2%D0%B8%D0%B7%D0%BE%D1%80%D0%B5_%D0%A1%D0%BB.%D0%B3%D0%BB.%2024_17_364617346.pdf\">Kodeks profesionalne etike za interne revizore (\u201cSlu\u017ebeni Glasnik RS\u201d, broj 24\/17)<\/a><\/li>\n\n\n\n<li><a href=\"https:\/\/vladars.rs\/sr-SP-Cyrl\/Vlada\/Ministarstva\/mf\/Documents\/%D0%9E%D0%BA%D0%B2%D0%B8%D1%80%D0%BD%D0%B0%20%D0%BF%D0%BE%D0%B2%D0%B5%D1%99%D0%B0%20%D0%B8%D0%BD%D1%82%D0%B5%D1%80%D0%BD%D0%B5%20%D1%80%D0%B5%D0%B2%D0%B8%D0%B7%D0%B8%D1%98%D0%B5%20%D0%A1%D0%BB.%D0%B3%D0%BB.%2024_17_363116362.pdf\">Okvirna povelja interne revizije (\u201cSlu\u017ebeni Glasnik RS\u201d, broj 24\/17)<\/a><\/li>\n<\/ul>\n\n\n\n<p><strong>Registar propisa Agencija za bankarstvo Federacije BiH:<\/strong><\/p>\n\n\n\n<ul class=\"wp-block-list\">\n<li><a href=\"https:\/\/www.fba.ba\/bs\/zakon-o-bankamabr-sluzbene-novine-federacije-bih-br-2717\">Zakon o bankama (\u201cSlu\u017ebene novine Federacije BiH\u201d, broj 27\/17)<\/a><\/li>\n\n\n\n<li><a href=\"https:\/\/www.fba.ba\/upload\/docs\/2_odluka_o_sistemu_internog_upravljanja_u_banci_uo_12_05_21_bos_final_uVz.pdf\">Odluka o sistemu internog upravljanja u banci (\u201cSlu\u017ebene novine Federacije BiH\u201d, broj 39\/21)<\/a><\/li>\n\n\n\n<li><a href=\"https:\/\/www.fba.ba\/bs\/zakoni-zakon-o-mikrokreditnim-organizacijama-sluzbene-novine-federacije-bih-broj-5906\">Zakon o mikrokreditnim organizacijama (\u201cSlu\u017ebene novine Federacije BiH\u201d, broj 59\/06)<\/a><\/li>\n\n\n\n<li><a href=\"https:\/\/www.fba.ba\/bs\/zakoni-lizing\">Zakon o lizingu (\u201cSlu\u017ebene novine Federacije BiH\u201c, br. 85\/08, 39\/00, 65\/13 i 104\/16)<\/a><\/li>\n\n\n\n<li><a href=\"https:\/\/www.fba.ba\/bs\/zakoni-zakon-o-faktoringu-sluzbene-novine-federacije-bih-broj-1416\">Zakon o faktoringu (\u201cSlu\u017ebene novine Federacije BiH\u201d, broj 14\/16)<\/a><\/li>\n\n\n\n<li><a href=\"http:\/\/xn--zakon%20o%20spreavanju%20pranja%20novca%20i%20finansiranja%20teroristikih%20aktivnosti%20(slubeni%20glasnik%20bih,%20broj%2013-dwo0c055hfn48g1ga\/24)\">Zakon o sprje\u010davanju pranja novca i finansiranja teroristi\u010dkih aktivnosti (\u201eSlu\u017ebeni glasnik BiH\u201c, broj 13\/24)<\/a><\/li>\n<\/ul>\n\n\n\n<p><strong>Registar propisa Agencija za bankarstvo RS:<\/strong><\/p>\n\n\n\n<ul class=\"wp-block-list\">\n<li><a href=\"https:\/\/abrs.ba\/wp-content\/uploads\/2023\/10\/Zakon_o_bankama_sa_ispravkom_izmjenom.pdf\">Zakon o bankama Republike Srpske (\u201cSlu\u017ebeni Glasnik RS\u201d broj: 4\/17)<\/a><\/li>\n\n\n\n<li><a href=\"https:\/\/abrs.ba\/wp-content\/uploads\/2023\/10\/Zakon_o_lizingu.pdf\">Zakon o lizingu<\/a><\/li>\n\n\n\n<li><a href=\"https:\/\/abrs.ba\/wp-content\/uploads\/2023\/10\/Zakon_o_MKO.pdf\">Zakon o mikrokreditnim organizacijama<\/a><\/li>\n<\/ul>\n\n\n\n<p><strong>Registar propisa Agencija za nadzor osiguranja Federacije BiH:<\/strong><\/p>\n\n\n\n<ul class=\"wp-block-list\">\n<li><a href=\"https:\/\/nados.ba\/dokumenti\/hr\/zakon\/Zakon_o_osiguranjuHR_23_17.pdf\">Zakon o osiguranju (\u201cSlu\u017ebene novine Federacije BiH\u201d, broj 23\/17)<\/a><\/li>\n\n\n\n<li><a href=\"https:\/\/nados.ba\/dokumenti\/hr\/zakon\/Zak_Izmj_Zak_Osig_HR.pdf\">Zakon o izmjenama Zakona o osiguranju (\u201cSlu\u017ebene novine Federacije BiH\u201d, broj 103\/21)<\/a><\/li>\n<\/ul>\n\n\n\n<p><strong>Registar propisa Agencija za nadzor osiguranja RS:<\/strong><\/p>\n\n\n\n<ul class=\"wp-block-list\">\n<li><a href=\"https:\/\/nados.ba\/dokumenti\/hr\/zakon\/ZODO-RS-procisceni.pdf\">Zakon o dru\u0161tvima za osiguranje (\u201cSlu\u017ebeni glasnik Republike Srpske\u201d broj 17\/05, 01\/06 i 64\/06, 74\/10)<\/a><\/li>\n<\/ul>\n\n\n\n<p><strong>Ostali zakoni:<\/strong><\/p>\n\n\n\n<ul class=\"wp-block-list\">\n<li><a href=\"https:\/\/nados.ba\/dokumenti\/hr\/zakon\/Zak-o-racunovodstvu-i-reviziji-u-fbih-hrv.pdf\">Zakon o ra\u010dunovodstvu i reviziji u Federaciji Bosne i Hercegovine (\u201cSlu\u017ebene novine FBiH\u201d broj 15\/2021 )<\/a><\/li>\n\n\n\n<li><a href=\"https:\/\/nados.ba\/dokumenti\/hr\/zakon\/ZRR-RS.pdf\">Zakon o ra\u010dunovodstvu i reviziji Republike Srpske (\u201cSlu\u017ebeni glasnik Republike Srpske\u201d, broj 82\/15)<\/a><\/li>\n\n\n\n<li><a href=\"https:\/\/fuzip.gov.ba\/wp-content\/uploads\/2022\/11\/Zakon_o_privrednim_drustvima_sl_novine_fbih_81_2015_i_75_2021.pdf\">Zakon o privrednim dru\u0161tvima (\u201cSlu\u017ebene novine FBiH\u201d, broj 81\/15 i 75\/21)<\/a><\/li>\n<\/ul>\n\n\n\n<div style=\"height:15px\" aria-hidden=\"true\" class=\"wp-block-spacer\"><\/div>\n<\/div>\n<\/div>\n","protected":false},"excerpt":{"rendered":"<p>Propisi Registar propisa Ministarstva finansija i trezora BiH \u2013 Centralna harmonizacijska jedinica: Registar propisa Federalnog Ministarstva finansija \u2013 Centralna harmonizacijska jedinica: Registar propisa Ministarstva finansija Republike Srpske \u2013 Centralna harmonizacijska jedinica: Registar propisa Agencija za bankarstvo Federacije BiH: Registar propisa Agencija za bankarstvo RS: Registar propisa Agencija za nadzor osiguranja Federacije BiH: Registar propisa Agencija [&hellip;]<\/p>\n","protected":false},"author":1,"featured_media":0,"parent":0,"menu_order":0,"comment_status":"closed","ping_status":"closed","template":"","meta":{"footnotes":""},"class_list":["post-717","page","type-page","status-publish","hentry"],"_links":{"self":[{"href":"https:\/\/air.ba\/index.php?rest_route=\/wp\/v2\/pages\/717","targetHints":{"allow":["GET"]}}],"collection":[{"href":"https:\/\/air.ba\/index.php?rest_route=\/wp\/v2\/pages"}],"about":[{"href":"https:\/\/air.ba\/index.php?rest_route=\/wp\/v2\/types\/page"}],"author":[{"embeddable":true,"href":"https:\/\/air.ba\/index.php?rest_route=\/wp\/v2\/users\/1"}],"replies":[{"embeddable":true,"href":"https:\/\/air.ba\/index.php?rest_route=%2Fwp%2Fv2%2Fcomments&post=717"}],"version-history":[{"count":12,"href":"https:\/\/air.ba\/index.php?rest_route=\/wp\/v2\/pages\/717\/revisions"}],"predecessor-version":[{"id":1304,"href":"https:\/\/air.ba\/index.php?rest_route=\/wp\/v2\/pages\/717\/revisions\/1304"}],"wp:attachment":[{"href":"https:\/\/air.ba\/index.php?rest_route=%2Fwp%2Fv2%2Fmedia&parent=717"}],"curies":[{"name":"wp","href":"https:\/\/api.w.org\/{rel}","templated":true}]}}