{"id":716,"date":"2024-03-16T19:28:35","date_gmt":"2024-03-16T19:28:35","guid":{"rendered":"https:\/\/air.ba\/?page_id=716"},"modified":"2024-03-28T12:27:20","modified_gmt":"2024-03-28T12:27:20","slug":"edukacija-na-zahtjev","status":"publish","type":"page","link":"https:\/\/air.ba\/?page_id=716","title":{"rendered":"Edukacija na zahtjev"},"content":{"rendered":"\n<div class=\"wp-block-columns is-layout-flex wp-container-core-columns-is-layout-28f84493 wp-block-columns-is-layout-flex\">\n<div class=\"wp-block-column is-layout-flow wp-block-column-is-layout-flow\" style=\"flex-basis:33.33%\">\n<div class=\"wp-block-columns is-layout-flex wp-container-core-columns-is-layout-28f84493 wp-block-columns-is-layout-flex\">\n<div class=\"wp-block-column has-global-padding is-content-justification-center is-layout-constrained wp-container-core-column-is-layout-79afaa5a wp-block-column-is-layout-constrained\" style=\"padding-top:0;padding-right:var(--wp--preset--spacing--70);padding-bottom:0;padding-left:var(--wp--preset--spacing--70);flex-basis:75%\">\n<div class=\"wp-block-group wow zoomIn sidebar-box has-section-bg-background-color has-background has-global-padding is-layout-constrained wp-container-core-group-is-layout-c37c750b wp-block-group-is-layout-constrained\" style=\"border-radius:10px;border-top-color:var(--wp--preset--color--custom-color-1);border-top-width:4px;border-bottom-color:var(--wp--preset--color--custom-color-1);border-bottom-width:4px;margin-bottom:50px;padding-top:20px;padding-right:20px;padding-bottom:20px;padding-left:20px\">\n<ul class=\"wp-block-list\">\n<li><a href=\"https:\/\/air.ba\/?page_id=714\">Kontinuirana edukacija<\/a><\/li>\n\n\n\n<li><a href=\"https:\/\/air.ba\/?page_id=715\">KPE \u2013 bodovi<\/a><\/li>\n\n\n\n<li><a href=\"https:\/\/air.ba\/?page_id=716\">Edukacija na zahtjev<\/a><\/li>\n\n\n\n<li><a href=\"https:\/\/air.ba\/?page_id=717\">Propisi<\/a><\/li>\n<\/ul>\n<\/div>\n<\/div>\n<\/div>\n<\/div>\n\n\n\n<div class=\"wp-block-column is-layout-flow wp-block-column-is-layout-flow\" style=\"flex-basis:66.66%\">\n<h2 class=\"wp-block-heading has-custom-color-1-color has-text-color has-link-color wp-elements-6b8f8ed09ac272f65af52558fc15567e\" id=\"ko_smo_mi\"><strong>Edukacija na zahtjev<\/strong><\/h2>\n\n\n\n<p><p>Akademsko Udru\u017eenje pru\u017ea vrhunske usluge edukacije na zahtjev, specijalizirane za institucije koje te\u017ee izvrsnosti u podru\u010dju interne revizije. Na\u0161 pristup je usmjeren na pru\u017eanje edukativnih programa koji ne samo da ispunjavaju formalne zahtjeve za sticanje zvanja (certifikata) ovla\u0161tenog internog revizora ve\u0107 i osiguravaju duboko razumijevanje i prakti\u010dnu primjenu znanja u svakodnevnom radu. Ako va\u0161a organizacija te\u017ei pobolj\u0161anju vje\u0161tina svojih zaposlenika i postizanju standarda, na\u0161e Akademsko Udru\u017eenje nudi prilago\u0111ene obrazovne programe koji \u0107e zadovoljiti va\u0161e potrebe.<\/p>\n<p>Pored programa za sticanje zvanja, Akademsko Udru\u017eenje specijalizirano je i za ciljane edukacije koje pokrivaju \u0161irok spektar tema relevantnih za internu reviziju. Bez obzira da li je rije\u010d o planiranju rada, metodologiji specifi\u010dnoj za javni sektor, reviziji javnih nabavki, cyber sigurnosti ili nekoj drugoj temi, na\u0161i iskusni stru\u010dnjaci i saradnici, koji dolaze kako iz akademske zajednice, tako i iz prakse, stoje na raspolaganju da zajedno s vama kreiraju edukaciju koja \u0107e najbolje odgovarati va\u0161im specifi\u010dnim potrebama.<\/p>\n<p>Na\u0161a infrastruktura, koju \u010dini podr\u0161ka Ekonomskog fakulteta Univerziteta u Sarajevu (koji je su-osniva\u010d Akademskog Udru\u017eenja), obuhvata savremeno opremljene u\u010dionice, ra\u010dunare, projektore i ostalu potrebnu opremu, \u010dime osiguravamo da svaki edukativni program bude proveden na najvi\u0161em nivou. Sa vrhunskom institucijom kao \u0161to je Ekonomski fakultet, Akademsko Udru\u017eenje je simbol kvalitete i predanosti u pru\u017eanju obrazovanja koje odgovara dinami\u010dnom i zahtjevnom okru\u017eenju interne revizije.<\/p>\n<p>Pozivamo vas da nas kontaktirate i zajedno oblikujemo put ka uspjehu i profesionalnom usavr\u0161avanju va\u0161ih zaposlenika u podru\u010dju interne revizije.<\/p>\n<p><b><strong>Informacije:<\/strong><\/b><\/p>\n<p>Akademsko-strukovno udru\u017eenje internih revizora u Bosni i Hercegovini<\/p>\n<p>Skenderija 70\/III, 71000 Sarajevo<\/p>\n<p><b><strong>Tel:<\/strong><\/b>&nbsp;033 564 354<\/p>\n<p><b><strong>Email:&nbsp;<\/strong><\/b><a href=\"mailto:info@air.ba\">info@air.ba<\/a><\/p><\/p>\n\n\n\n<hr class=\"wp-block-separator has-text-color has-custom-color-1-color has-alpha-channel-opacity has-custom-color-1-background-color has-background\"\/>\n\n\n\n<div class=\"wp-block-spacer\" style=\"height: 15px;\" aria-hidden=\"true\">&nbsp;<\/div>\n<\/div>\n<\/div>\n","protected":false},"excerpt":{"rendered":"<p>Edukacija na zahtjev Akademsko Udru\u017eenje pru\u017ea vrhunske usluge edukacije na zahtjev, specijalizirane za institucije koje te\u017ee izvrsnosti u podru\u010dju interne revizije. Na\u0161 pristup je usmjeren na pru\u017eanje edukativnih programa koji ne samo da ispunjavaju formalne zahtjeve za sticanje zvanja (certifikata) ovla\u0161tenog internog revizora ve\u0107 i osiguravaju duboko razumijevanje i prakti\u010dnu primjenu znanja u svakodnevnom radu. [&hellip;]<\/p>\n","protected":false},"author":1,"featured_media":0,"parent":0,"menu_order":0,"comment_status":"closed","ping_status":"closed","template":"","meta":{"footnotes":""},"class_list":["post-716","page","type-page","status-publish","hentry"],"_links":{"self":[{"href":"https:\/\/air.ba\/index.php?rest_route=\/wp\/v2\/pages\/716","targetHints":{"allow":["GET"]}}],"collection":[{"href":"https:\/\/air.ba\/index.php?rest_route=\/wp\/v2\/pages"}],"about":[{"href":"https:\/\/air.ba\/index.php?rest_route=\/wp\/v2\/types\/page"}],"author":[{"embeddable":true,"href":"https:\/\/air.ba\/index.php?rest_route=\/wp\/v2\/users\/1"}],"replies":[{"embeddable":true,"href":"https:\/\/air.ba\/index.php?rest_route=%2Fwp%2Fv2%2Fcomments&post=716"}],"version-history":[{"count":6,"href":"https:\/\/air.ba\/index.php?rest_route=\/wp\/v2\/pages\/716\/revisions"}],"predecessor-version":[{"id":1444,"href":"https:\/\/air.ba\/index.php?rest_route=\/wp\/v2\/pages\/716\/revisions\/1444"}],"wp:attachment":[{"href":"https:\/\/air.ba\/index.php?rest_route=%2Fwp%2Fv2%2Fmedia&parent=716"}],"curies":[{"name":"wp","href":"https:\/\/api.w.org\/{rel}","templated":true}]}}