{"id":686,"date":"2024-03-16T19:11:57","date_gmt":"2024-03-16T19:11:57","guid":{"rendered":"https:\/\/air.ba\/?page_id=686"},"modified":"2024-04-26T08:50:56","modified_gmt":"2024-04-26T08:50:56","slug":"ispit-za-interne-revizore","status":"publish","type":"page","link":"https:\/\/air.ba\/?page_id=686","title":{"rendered":"Ispit za interne revizore"},"content":{"rendered":"\r\n<div class=\"wp-block-columns is-layout-flex wp-container-core-columns-is-layout-28f84493 wp-block-columns-is-layout-flex\">\r\n<div class=\"wp-block-column is-layout-flow wp-block-column-is-layout-flow\" style=\"flex-basis: 33.33%;\">\r\n<div class=\"wp-block-columns is-layout-flex wp-container-core-columns-is-layout-28f84493 wp-block-columns-is-layout-flex\">\r\n<div class=\"wp-block-column has-global-padding is-content-justification-center is-layout-constrained wp-container-core-column-is-layout-79afaa5a wp-block-column-is-layout-constrained\" style=\"flex-basis: 100%; padding: 0 var(--wp--preset--spacing--70) 0 var(--wp--preset--spacing--70);\">\r\n<div class=\"wp-block-group wow zoomIn sidebar-box has-section-bg-background-color has-background has-global-padding is-layout-constrained wp-container-core-group-is-layout-c37c750b wp-block-group-is-layout-constrained\" style=\"border-radius: 10px; border-top-color: var(--wp--preset--color--custom-color-1); border-top-width: 4px; border-bottom-color: var(--wp--preset--color--custom-color-1); border-bottom-width: 4px; margin-bottom: 50px; padding: 20px;\">\r\n<ul class=\"wp-block-list\">\r\n<li><a href=\"https:\/\/air.ba\/?page_id=685\">Obuka za interne revizore<\/a><\/li>\r\n\r\n\r\n\r\n<li><a href=\"https:\/\/air.ba\/?page_id=686\">Ispit za interne revizore<\/a><\/li>\r\n\r\n\r\n\r\n<li><a href=\"https:\/\/air.ba\/?page_id=687\">Nastavni planovi i programi<\/a><\/li>\r\n\r\n\r\n\r\n<li><a href=\"https:\/\/air.ba\/?page_id=688\">Obuka za eksterne ocjenitelje<\/a><\/li>\r\n\r\n\r\n\r\n<li><a href=\"https:\/\/air.ba\/?page_id=689\">Obuka za odbore za reviziju<\/a><\/li>\r\n\r\n\r\n\r\n<li><a href=\"https:\/\/air.ba\/?page_id=690\">Registar propisa<\/a><\/li>\r\n<\/ul>\r\n<\/div>\r\n<\/div>\r\n<\/div>\r\n<\/div>\r\n\r\n\r\n\r\n<div class=\"wp-block-column is-layout-flow wp-block-column-is-layout-flow\" style=\"flex-basis: 66.66%;\">\r\n<h2 id=\"ko_smo_mi\" class=\"wp-block-heading has-custom-color-1-color has-text-color has-link-color wp-elements-0ca313b4deb9b8a2fd8e6ad8fec4a14d\"><strong>Ispit za interne revizore<\/strong><\/h2>\r\n\r\n\r\n\r\n<p>Akademsko-strukovno udru\u017eenje internih revizora u BiH organizuje ispitni rok za polaganje ispita za sticanje zvanja ovla\u0161teni interni revizor kontinuirano tokom godine u dva termina:<\/p>\r\n\r\n\r\n\r\n<ul class=\"wp-block-list\">\r\n<li>ljetni termin (juni i juli) i<\/li>\r\n\r\n\r\n\r\n<li>zimski termin (decembar i januar).<\/li>\r\n<\/ul>\r\n\r\n\r\n\r\n<p>Na\u0161 cilj je da svim subjektima od javnog interesa omogu\u0107imo da u svom timu imaju stru\u010dnjaka koji \u0107e posjedovati klju\u010dne \u00a0kompetencije za implementaciju novih zakonskih obaveza.\u00a0Tako\u0111er, \u017eelimo pomo\u0107i bankama, osiguravaju\u0107im ku\u0107ama i drugim finansijskim institucijama da osna\u017ee svoj tim interne revizije unaprje\u0111enjem dodatnih vje\u0161tina i znanja kroz certifikaciju internih revizora.<\/p>\r\n\r\n\r\n\r\n<p>Ispit se organizuje za sljede\u0107e specijalizacije:<\/p>\r\n\r\n\r\n\r\n<ul class=\"wp-block-list\">\r\n<li>ovla\u0161teni interni revizor za banke i finansijske institucije<\/li>\r\n\r\n\r\n\r\n<li>ovla\u0161teni interni revizor za osiguravaju\u0107a dru\u0161tva<\/li>\r\n\r\n\r\n\r\n<li>ovla\u0161teni interni revizor za privredu<\/li>\r\n\r\n\r\n\r\n<li>ovla\u0161teni interni revizor za informacione sisteme<\/li>\r\n<\/ul>\r\n\r\n\r\n\r\n<p>Kandidatima je omogu\u0107eno\u00a0<strong>polaganje ispita bez obuke<\/strong>.<\/p>\r\n\r\n\r\n\r\n<p><strong>* * * * * * * * * *<\/strong><\/p>\r\n\r\n\r\n\r\n<p>U skladu sa\u00a0Odlukom o minimalnim uslovima za poha\u0111anje nastave i pristupanje ispitu u procesu edukacije za sticanje zvanja ovla\u0161teni interni revizor, pravo poha\u0111anja nastave u procesu edukacije za interne revizore imaju\u00a0svi \u010dlanovi Akademskog Udru\u017eenja\u00a0koji zadovoljavaju sljede\u0107e uslove:<\/p>\r\n\r\n\r\n\r\n<ol class=\"wp-block-list\">\r\n<li>visoka stru\u010dna sprema odgovaraju\u0107eg smjera, odnosno visoko obrazovanje prvog ciklusa Bolonjskog sistema studiranja ili drugog ili tre\u0107eg ciklusa Bolonjskog sistema studiranja,<\/li>\r\n\r\n\r\n\r\n<li>najmanje tri godine radnog sta\u017ea u struci nakon zavr\u0161ene visoke stru\u010dne spreme, od \u010dega minimalno dvije godine na nekim od sljede\u0107ih poslova: poslovima revizije, poslovima interne revizije, finansijsko-ra\u010dunovodstvenim poslovima, poslovima planiranja i analize, poslovima finansijske kontrole, poslovima javnih nabavki, poslovima informati\u010dke struke i ostalim sli\u010dnim poslovima koji su osnov za obavljanje aktivnosti interne revizije;<\/li>\r\n\r\n\r\n\r\n<li>dokaz iz ta\u010dke 2. je\u00a0<a href=\"https:\/\/air.ba\/dokumenti\/Potvrda_o_radnom_iskustvu_2016.pdf\">Potvrda o radnom iskustvu\u00a0<\/a>koju verifikuje mentor kandidata; Mentor mo\u017ee biti nadle\u017eni rukovodilac (direktni supervizor) kandidata u organizaciji za koju se potvr\u0111uje radno iskustvo ili druga osoba na rukovode\u0107oj poziciji u okviru organizacije. Osoba koja verifikuje radno iskustvo mora biti nezavisna odnosno ne mo\u017ee biti u bilo kakvoj vezi sa kandidatom. Ukoliko jedna osoba ne mo\u017ee verifikovati cjelokupno radno iskustvo iz ta\u010dke 2., potrebno je onoliko potvrda o radnom iskustvo od strane razli\u010ditih mentora kojima se potvr\u0111uje zahtijevani radni sta\u017e iz ta\u010dke 2. Ukoliko je kandidat rukovodilac vlastite organizacije ili isti radi kao neovisni konsultant, potvrdu o radnom iskustvu mo\u017ee verifikovati odgovaraju\u0107i priznati klijent ili osoba koja ve\u0107 posjeduje certifikat ovla\u0161tenog internog revizora ili ovla\u0161tenog revizora. Ukoliko kandidat radi u odre\u0111enoj organizaciji kra\u0107e od tri mjeseca,\u00a0<a href=\"https:\/\/air.ba\/dokumenti\/Potvrda_o_radnom_iskustvu_2016.pdf\">potvrda o radnom iskustvu<\/a>\u00a0se treba tra\u017eiti od prethodne organizacije.\u00a0<a href=\"https:\/\/air.ba\/dokumenti\/Potvrda_o_radnom_iskustvu_2016.pdf\">Obrazac potvrde o radnom iskustvu mo\u017eete prona\u0107i ovdje<\/a>\u00a0(prihvatljiva je i Potvrda o radnom iskustvu u skladu sa Zakonom o radu).<\/li>\r\n<\/ol>\r\n\r\n\r\n\r\n<p>Ako su kandidati stekli odgovaraju\u0107u stru\u010dnu spremu izvan Bosne i Hercegovine, potrebno je dostaviti nostrifikaciju odgovaraju\u0107ih dokumenata.<\/p>\r\n\r\n\r\n\r\n<p>Ukoliko neko od zainteresovanih kandidata ne zadovoljava gore navedene kriterije, isti mo\u017ee pristupiti polaganju Programom predvi\u0111enih ispita, ali mu certifikat o stru\u010dnom zvanju ovla\u0161teni interni revizor, specijalista za odre\u0111enu oblast, ne\u0107e biti uru\u010den sve do pru\u017eanja dokaza o ispunjavanju gore navedenih uslova.<\/p>\r\n\r\n\r\n\r\n<p>Kandidati koji posjeduju\u00a0<strong>certifikat certificiranog ra\u010dunovo\u0111e ili ovla\u0161tenog revizora\u00a0<\/strong>pola\u017eu razliku predmeta koju je utvrdila Stru\u010dna Komisija, u zavisnosti od specijalizacije koju odaberu (<a href=\"https:\/\/air.ba\/wp-content\/uploads\/2024\/04\/Uporedba_nastavnih_planova_i_programa_OIR_CR_OR_2016.pdf\">tabelu razlike predmeta mo\u017eete prona\u0107i ovdje<\/a>) u skladu sa utvr\u0111enim cijenama (<a href=\"https:\/\/air.ba\/wp-content\/uploads\/2024\/04\/Odluka_o_visini_naknade_za_obuku_2016.pdf\">tabelu sa visinama naknade mo\u017eete prona\u0107i ovdje<\/a>).<\/p>\r\n\r\n\r\n\r\n<p>Kandidati koji posjeduju diplomu o zavr\u0161enom\u00a0<strong>drugom ciklusu Bolonjskog sistema studiranja ili koji posjeduju diplomu magistra nauka dobivenu od strane EFSA\u00a0<\/strong>pola\u017eu ispit iz Specijalisti\u010dkog dijela odabrane specijalizacije (ispiti iz 3 predmeta).<\/p>\r\n\r\n\r\n\r\n<p><strong>ISPIT:<\/strong><\/p>\r\n\r\n\r\n\r\n<p>Ispit se sastoji od Op\u0107eg dijela (5 predmeta) i Specijalisti\u010dkog dijela (3 ispita).<\/p>\r\n\r\n\r\n\r\n<p>Ispit je integralan odnosno svi predmeti iz Op\u0107eg i Specijalisti\u010dkog dijela se pola\u017eu istovremeno, te se 80% pitanja odnosi na multiplechoice pitanja, a 20% pitanja se odnosi na esejska pitanja.<\/p>\r\n\r\n\r\n\r\n<p>Ispit se provodi bez kori\u0161tenja materijala ili bilo kojih drugih pomagala, a u skladu sa Instrukcijama za provo\u0111enje ispita.<\/p>\r\n\r\n\r\n\r\n<p><strong>NAKNADE:<\/strong><\/p>\r\n\r\n\r\n\r\n<p>Visina naknade za\u00a0<strong>polaganje ispita bez obuke<\/strong>\u00a0je data u narednoj tabeli:<\/p>\r\n\r\n\r\n\r\n<figure class=\"wp-block-table\">\r\n<table class=\"has-border-color has-heading-border-color has-fixed-layout\">\r\n<tbody>\r\n<tr>\r\n<td><strong>Specijalizacija<\/strong><\/td>\r\n<td><strong>Kandidati koji ne posjeduju druge certifikate<\/strong><\/td>\r\n<td><strong>Kandidati koji posjeduju certifikat certificiranog ra\u010dunovo\u0111e<\/strong><\/td>\r\n<td><strong>Kandidati koji posjeduju certifikat ovla\u0161tenog revizora<\/strong><\/td>\r\n<td><strong>Kandidati koji posjeduju diplomu magistra ili mastera struke EFSA UNSA<\/strong><\/td>\r\n<\/tr>\r\n<tr>\r\n<td><strong>Banke i finansijske institucije<\/strong><\/td>\r\n<td>1.200,00<\/td>\r\n<td>900,00<\/td>\r\n<td>800,00<\/td>\r\n<td>700,00<\/td>\r\n<\/tr>\r\n<tr>\r\n<td><strong>Privreda<\/strong><\/td>\r\n<td>1.200,00<\/td>\r\n<td>800,00<\/td>\r\n<td>700,00<\/td>\r\n<td>700,00<\/td>\r\n<\/tr>\r\n<tr>\r\n<td><strong>Osiguravaju\u0107a dru\u0161tva<\/strong><\/td>\r\n<td>1.200,00<\/td>\r\n<td>900,00<\/td>\r\n<td>800,00<\/td>\r\n<td>700,00<\/td>\r\n<\/tr>\r\n<tr>\r\n<td><strong>Informacioni sistemi<\/strong><\/td>\r\n<td>1.200,00<\/td>\r\n<td>900,00<\/td>\r\n<td>800,00<\/td>\r\n<td>700,00<\/td>\r\n<\/tr>\r\n<\/tbody>\r\n<\/table>\r\n<\/figure>\r\n\r\n\r\n\r\n<h4 class=\"wp-block-heading has-heading-color has-text-color has-link-color wp-elements-82b45f2b99e3be6d6cc0aa42ecd755bf\"><strong>Naknade su iskazane bez PDV-a<\/strong><\/h4>\r\n\r\n\r\n\r\n<p><strong>Uz uplatu od 200 KM, u svrhu samostalne pripreme i u\u010denja za polaganje ispita, kandidatima se dostavljaju sljede\u0107i materijali:<\/strong><\/p>\r\n\r\n\r\n\r\n<ul class=\"wp-block-list\">\r\n<li>Priru\u010dnik za interne revizore (Skripta na cca. 250-300 strana u zavisnosti od specijalizacije)<\/li>\r\n\r\n\r\n\r\n<li>Power point prezentacije predava\u010da iz prethodnih generacija<\/li>\r\n\r\n\r\n\r\n<li>Probna ispitna pitanja<\/li>\r\n<\/ul>\r\n\r\n\r\n\r\n<p><strong>Ostatak naknade je potrebno uplatiti 2 sedmice prije ispita.<\/strong><\/p>\r\n\r\n\r\n\r\n<p><strong>PRIJAVA:<\/strong>\u00a0<\/p>\r\n\r\n\r\n\r\n<p><strong>Popunjenu prijavu za polaganje ispita je potrebno dostaviti putem emaila, a preostalu dokumentaciju je potrebno dostaviti najkasnije prilikom dolaska na ispit.<\/strong><\/p>\r\n\r\n\r\n\r\n<p>Kandidati koji su zainteresovani za poha\u0111anje obuke du\u017eni su na adresu Akademsko-strukovnog udru\u017eenja internih revizora u BiH (Ulica Trg oslobo\u0111enja \u2013 Alija Izetbetgovi\u0107 1, 71000 Sarajevo) dostaviti sljede\u0107u dokumentaciju:<\/p>\r\n\r\n\r\n\r\n<ol class=\"wp-block-list\">\r\n<li>Popunjenu<a href=\"https:\/\/air.ba\/dokumenti\/Prijava_za_ispit_i_prijava_za_clanstvo.doc\">\u00a0Prijavu za \u010dlanstvo i ispit<\/a>\u00a0koju mo\u017eete prona\u0107i ovdje, a koju je potrebno popuniti i poslati na email\u00a0<a href=\"mailto:%3Cspan%20id=\">Ova adresa el. po\u0161te je za\u0161ti\u0107ena od spambotova. Omogu\u0107ite JavaScript da biste je vidjeli.\u201d&gt;<\/a><a href=\"mailto:info@air.ba\">info@air.ba<\/a>\u00a0<\/li>\r\n\r\n\r\n\r\n<li>Ovjerenu kopiju diplome o zavr\u0161enom obrazovanju i kopije drugih d ploma i\/ili certifikata<\/li>\r\n\r\n\r\n\r\n<li><a href=\"https:\/\/air.ba\/dokumenti\/Potvrda_o_radnom_iskustvu_2016.pdf\">Potvrdu o radnom iskustvu<\/a>\u00a0koju mo\u017eete prona\u0107i\u00a0<a href=\"https:\/\/air.ba\/dokumenti\/Potvrda_o_radnom_iskustvu_2016.pdf\">ovdje<\/a>\u00a0(prihvatljiva je i Potvrda o radnom iskustvu u skladu sa Zakonom o radu)<\/li>\r\n\r\n\r\n\r\n<li>Uvjerenje o nevo\u0111enju krivi\u010dnog postupka (pribavlja se na Op\u0107inskom sudu) \u2013 original ili ovjerena kopija, ne starije od 6 mjeseci<\/li>\r\n\r\n\r\n\r\n<li>Kopija li\u010dne karte<\/li>\r\n<\/ol>\r\n\r\n\r\n\r\n<p><strong>Informacije i prijave:<\/strong><\/p>\r\n\r\n\r\n\r\n<p>Akademsko-strukovno udru\u017eenje internih revizora u Bosni i Hercegovini<\/p>\r\n\r\n\r\n\r\n<p>Skenderija 70\/III, 71000 Sarajevo<\/p>\r\n\r\n\r\n\r\n<p><strong>Tel:<\/strong>\u00a0033 564 354<\/p>\r\n\r\n\r\n\r\n<p><strong>Email:\u00a0<\/strong><a href=\"mailto:info@air.ba\">info@air.ba<\/a><\/p>\r\n\r\n\r\n<hr class=\"wp-block-separator has-text-color has-custom-color-1-color has-alpha-channel-opacity has-custom-color-1-background-color has-background\" \/>\r\n\r\n\r\n<div class=\"wp-block-spacer\" style=\"height: 15px;\" aria-hidden=\"true\">\u00a0<\/div>\r\n<\/div>\r\n<\/div>\r\n","protected":false},"excerpt":{"rendered":"<p>Ispit za interne revizore Akademsko-strukovno udru\u017eenje internih revizora u BiH organizuje ispitni rok za polaganje ispita za sticanje zvanja ovla\u0161teni interni revizor kontinuirano tokom godine u dva termina: Na\u0161 cilj je da svim subjektima od javnog interesa omogu\u0107imo da u svom timu imaju stru\u010dnjaka koji \u0107e posjedovati klju\u010dne \u00a0kompetencije za implementaciju novih zakonskih obaveza.\u00a0Tako\u0111er, \u017eelimo [&hellip;]<\/p>\n","protected":false},"author":1,"featured_media":0,"parent":0,"menu_order":0,"comment_status":"closed","ping_status":"closed","template":"","meta":{"footnotes":""},"class_list":["post-686","page","type-page","status-publish","hentry"],"_links":{"self":[{"href":"https:\/\/air.ba\/index.php?rest_route=\/wp\/v2\/pages\/686","targetHints":{"allow":["GET"]}}],"collection":[{"href":"https:\/\/air.ba\/index.php?rest_route=\/wp\/v2\/pages"}],"about":[{"href":"https:\/\/air.ba\/index.php?rest_route=\/wp\/v2\/types\/page"}],"author":[{"embeddable":true,"href":"https:\/\/air.ba\/index.php?rest_route=\/wp\/v2\/users\/1"}],"replies":[{"embeddable":true,"href":"https:\/\/air.ba\/index.php?rest_route=%2Fwp%2Fv2%2Fcomments&post=686"}],"version-history":[{"count":17,"href":"https:\/\/air.ba\/index.php?rest_route=\/wp\/v2\/pages\/686\/revisions"}],"predecessor-version":[{"id":1461,"href":"https:\/\/air.ba\/index.php?rest_route=\/wp\/v2\/pages\/686\/revisions\/1461"}],"wp:attachment":[{"href":"https:\/\/air.ba\/index.php?rest_route=%2Fwp%2Fv2%2Fmedia&parent=686"}],"curies":[{"name":"wp","href":"https:\/\/api.w.org\/{rel}","templated":true}]}}