{"id":685,"date":"2024-03-16T19:12:02","date_gmt":"2024-03-16T19:12:02","guid":{"rendered":"https:\/\/air.ba\/?page_id=685"},"modified":"2024-03-27T10:44:13","modified_gmt":"2024-03-27T10:44:13","slug":"obuka-za-interne-revizore","status":"publish","type":"page","link":"https:\/\/air.ba\/?page_id=685","title":{"rendered":"Obuka za interne revizore"},"content":{"rendered":"\r\n<div class=\"wp-block-columns is-layout-flex wp-container-core-columns-is-layout-28f84493 wp-block-columns-is-layout-flex\">\r\n<div class=\"wp-block-column is-layout-flow wp-block-column-is-layout-flow\" style=\"flex-basis: 33.33%;\">\r\n<div class=\"wp-block-columns is-layout-flex wp-container-core-columns-is-layout-28f84493 wp-block-columns-is-layout-flex\">\r\n<div class=\"wp-block-column has-global-padding is-content-justification-center is-layout-constrained wp-container-core-column-is-layout-79afaa5a wp-block-column-is-layout-constrained\" style=\"flex-basis: 75%; padding: 0 var(--wp--preset--spacing--70) 0 var(--wp--preset--spacing--70);\">\r\n<div class=\"wp-block-group wow zoomIn sidebar-box has-section-bg-background-color has-background has-global-padding is-layout-constrained wp-container-core-group-is-layout-c37c750b wp-block-group-is-layout-constrained\" style=\"border-radius: 10px; border-top-color: var(--wp--preset--color--custom-color-1); border-top-width: 4px; border-bottom-color: var(--wp--preset--color--custom-color-1); border-bottom-width: 4px; margin-bottom: 50px; padding: 20px;\">\r\n<ul class=\"wp-block-list\">\r\n<li><a href=\"https:\/\/air.ba\/?page_id=685\">Obuka za interne revizore<\/a><\/li>\r\n\r\n\r\n\r\n<li><a href=\"https:\/\/air.ba\/?page_id=686\">Ispit za interne revizore<\/a><\/li>\r\n\r\n\r\n\r\n<li><a href=\"https:\/\/air.ba\/?page_id=687\">Nastavni planovi i programi<\/a><\/li>\r\n\r\n\r\n\r\n<li><a href=\"https:\/\/air.ba\/?page_id=688\">Obuka za eksterne ocjenitelje<\/a><\/li>\r\n\r\n\r\n\r\n<li><a href=\"https:\/\/air.ba\/?page_id=689\">Obuka za odbore za reviziju<\/a><\/li>\r\n\r\n\r\n\r\n<li><a href=\"https:\/\/air.ba\/?page_id=690\">Registar propisa<\/a><\/li>\r\n<\/ul>\r\n<\/div>\r\n<\/div>\r\n<\/div>\r\n<\/div>\r\n\r\n\r\n\r\n<div class=\"wp-block-column is-layout-flow wp-block-column-is-layout-flow\" style=\"flex-basis: 66.66%;\">\r\n<h2 id=\"ko_smo_mi\" class=\"wp-block-heading has-custom-color-1-color has-text-color has-link-color wp-elements-5ce4ddc4ffd732314ca8bb3bdac31d41\"><strong>Obuka za interne revizore<\/strong><\/h2>\r\n\r\n\r\n\r\n<p>Akademsko-strukovno udru\u017eenje internih revizora u Bosni i Hercegovini organizuje obuku za sticanje zvanja ovla\u0161teni interni revizor.\u00a0<\/p>\r\n<p>Obuka se izvodi u skladu sa Nastavnim planovima i programima za sljede\u0107e specijalizacije:<\/p>\r\n<ul>\r\n<li>banke i finansijske institucije,<\/li>\r\n<li>osiguravaju\u0107a dru\u0161tva,<\/li>\r\n<li>privredu i<\/li>\r\n<li>informacione sisteme.<\/li>\r\n<\/ul>\r\n<p>Nastavne planove i programe mo\u017eete prona\u0107i na ovom <a href=\"http:\/\/air.ba\/index.php\/edukacija\/nastavni-programi\">linku\u00a0<\/a><\/p>\r\n<p>Obuka se odr\u017eava na Poslovnoj Akademiji Ekonomskog fakulteta Univerziteta u Sarajevu.<\/p>\r\n<p>Program obuke traje 86 \u0161kolskih sati i sastoji se od dva dijela:<\/p>\r\n<ul>\r\n<li>Op\u0107i dio i<\/li>\r\n<li>Specijalisti\u010dki dio.<\/li>\r\n<\/ul>\r\n<p>Nakon odslu\u0161anog Programa obuke pola\u017ee se ispit na Poslovnoj Akademiji Ekonomskog fakulteta Univerziteta u Sarajevu. Nakon uspje\u0161no polo\u017eenog ispita sti\u010de se certifikat ovla\u0161tenog internog revizora za svaku pojedina\u010dnu specijalizaciju (banke i finansijske institucije, osiguravaju\u0107a dru\u0161tva, privreda ili informacioni sistemi).\u00a0<\/p>\r\n<p>Svi oblici edukacije u organizaciji Akademskog Udru\u017eenja se odr\u017eavaju na Poslovnoj Akademiji Ekonomskog fakulteta u Sarajevu, III sprat (2 u\u010dionice). Kako su i kancelarije Akademskog Udru\u017eenja smje\u0161tene u prostorijama Poslovne Akademije, svo osoblje je za vrijeme pru\u017eanja edukacije na raspolaganju u\u010desnicima edukacije.\u00a0<\/p>\r\n<p>U\u010dinioce Poslovne Akademije su adekvatno opremljene, jer studenti postdiplomskih i doktorskih studija Ekonomskog fakulteta poha\u0111aju nastavu u ovim u\u010dionicama. U\u010dionice su kapaciteta 40-50 mjesta, te opremljene ra\u010dunarima, projektorima, tablama sa flomasterima, te flip-chart tablama.<\/p>\r\n<p>Predava\u010di sa kojima Akademsko Udru\u017eenje sara\u0111uje su renomirani stru\u010dnjaci iz akademske zajednice i eksperti iz prakse profesije interne revizije i srodnih nauka.<\/p>\r\n\r\n\r\n<hr class=\"wp-block-separator has-text-color has-custom-color-1-color has-alpha-channel-opacity has-custom-color-1-background-color has-background\" \/>\r\n\r\n\r\n<div class=\"wp-block-spacer\" style=\"height: 15px;\" aria-hidden=\"true\">\u00a0<\/div>\r\n<\/div>\r\n<\/div>\r\n","protected":false},"excerpt":{"rendered":"<p>Obuka za interne revizore Akademsko-strukovno udru\u017eenje internih revizora u Bosni i Hercegovini organizuje obuku za sticanje zvanja ovla\u0161teni interni revizor.\u00a0 Obuka se izvodi u skladu sa Nastavnim planovima i programima za sljede\u0107e specijalizacije: banke i finansijske institucije, osiguravaju\u0107a dru\u0161tva, privredu i informacione sisteme. Nastavne planove i programe mo\u017eete prona\u0107i na ovom linku\u00a0 Obuka se odr\u017eava [&hellip;]<\/p>\n","protected":false},"author":1,"featured_media":0,"parent":0,"menu_order":0,"comment_status":"closed","ping_status":"closed","template":"","meta":{"footnotes":""},"class_list":["post-685","page","type-page","status-publish","hentry"],"_links":{"self":[{"href":"https:\/\/air.ba\/index.php?rest_route=\/wp\/v2\/pages\/685","targetHints":{"allow":["GET"]}}],"collection":[{"href":"https:\/\/air.ba\/index.php?rest_route=\/wp\/v2\/pages"}],"about":[{"href":"https:\/\/air.ba\/index.php?rest_route=\/wp\/v2\/types\/page"}],"author":[{"embeddable":true,"href":"https:\/\/air.ba\/index.php?rest_route=\/wp\/v2\/users\/1"}],"replies":[{"embeddable":true,"href":"https:\/\/air.ba\/index.php?rest_route=%2Fwp%2Fv2%2Fcomments&post=685"}],"version-history":[{"count":6,"href":"https:\/\/air.ba\/index.php?rest_route=\/wp\/v2\/pages\/685\/revisions"}],"predecessor-version":[{"id":1264,"href":"https:\/\/air.ba\/index.php?rest_route=\/wp\/v2\/pages\/685\/revisions\/1264"}],"wp:attachment":[{"href":"https:\/\/air.ba\/index.php?rest_route=%2Fwp%2Fv2%2Fmedia&parent=685"}],"curies":[{"name":"wp","href":"https:\/\/api.w.org\/{rel}","templated":true}]}}