{"id":663,"date":"2024-03-16T18:51:39","date_gmt":"2024-03-16T18:51:39","guid":{"rendered":"https:\/\/air.ba\/?page_id=663"},"modified":"2024-03-17T20:35:54","modified_gmt":"2024-03-17T20:35:54","slug":"postani-clan","status":"publish","type":"page","link":"https:\/\/air.ba\/?page_id=663","title":{"rendered":"Postani \u010dlan"},"content":{"rendered":"\n<div class=\"wp-block-columns is-layout-flex wp-container-core-columns-is-layout-28f84493 wp-block-columns-is-layout-flex\">\n<div class=\"wp-block-column is-layout-flow wp-block-column-is-layout-flow\" style=\"flex-basis:33.33%\">\n<div class=\"wp-block-columns is-layout-flex wp-container-core-columns-is-layout-28f84493 wp-block-columns-is-layout-flex\">\n<div class=\"wp-block-column has-global-padding is-content-justification-center is-layout-constrained wp-container-core-column-is-layout-79afaa5a wp-block-column-is-layout-constrained\" style=\"padding-top:0;padding-right:var(--wp--preset--spacing--70);padding-bottom:0;padding-left:var(--wp--preset--spacing--70);flex-basis:75%\">\n<div class=\"wp-block-group wow zoomIn sidebar-box has-section-bg-background-color has-background has-global-padding is-layout-constrained wp-container-core-group-is-layout-c37c750b wp-block-group-is-layout-constrained\" style=\"border-radius:10px;border-top-color:var(--wp--preset--color--custom-color-1);border-top-width:4px;border-bottom-color:var(--wp--preset--color--custom-color-1);border-bottom-width:4px;margin-bottom:50px;padding-top:20px;padding-right:20px;padding-bottom:20px;padding-left:20px\">\n<ul class=\"wp-block-list\">\n<li><a href=\"https:\/\/air.ba\/?page_id=649\">\u010clanstvo<\/a><\/li>\n\n\n\n<li><a href=\"https:\/\/air.ba\/?page_id=661\">Kategorije \u010dlanstva<\/a><\/li>\n\n\n\n<li><a href=\"https:\/\/air.ba\/?page_id=662\">Prava i obaveze \u010dlanova<\/a><\/li>\n\n\n\n<li><a href=\"https:\/\/air.ba\/?page_id=663\">Postani \u010dlan<\/a><\/li>\n<\/ul>\n<\/div>\n<\/div>\n<\/div>\n<\/div>\n\n\n\n<div class=\"wp-block-column is-layout-flow wp-block-column-is-layout-flow\" style=\"flex-basis:66.66%\">\n<h2 class=\"wp-block-heading has-custom-color-1-color has-text-color has-link-color wp-elements-905148b20928a1e1db6c2a305b26f36f\">Postani \u010dlan<\/h2>\n\n\n\n<p><strong>Pridru\u017ei nam se! Postani \u010dlan!<\/strong><\/p>\n\n\n\n<p>Svojstvo \u010dlana Udru\u017eenja mo\u017ee ste\u0107i svako fizi\u010dko lice koje je dr\u017eavljanin BiH i svako strano fizi\u010dko lice koje je dr\u017eavljanin druge dr\u017eave ukoliko je njihovo profesionalno djelovanje i li\u010dni anga\u017eman u skladu sa ciljevima i djelatnosti Udru\u017eenja i ima odobren boravak u BiH.<\/p>\n\n\n\n<p>\u010clan Udru\u017eenja se postaje upisom u Registar \u010dlanova koji vodi sekretar Udru\u017eenja.<\/p>\n\n\n\n<p>Popunite formular&nbsp;<a href=\"https:\/\/air.ba\/dokumenti\/Pristupnica_za_clanstvo_Akademsko_strukovno_udruzenje_internih_revizora_u_BiH1.doc\"><strong>Pristupnica za \u010dlanstvo<\/strong><\/a>&nbsp;sa potrebnim podacima i po\u0161aljite ga na email&nbsp;<a href=\"mailto:info@air.ba\">info@air.ba<\/a><\/p>\n\n\n\n<p>Prava i obaveze \u010dlanova su:<\/p>\n\n\n\n<ul class=\"wp-block-list\">\n<li>da biraju i budu birani u tijela Udru\u017eenja<\/li>\n\n\n\n<li>da aktivno u\u010destvuju u ostvarivanju ciljeva Udru\u017eenja<\/li>\n\n\n\n<li>da budu redovno i blagovremeno obavije\u0161teni o aktivnostima Udru\u017eenja<\/li>\n\n\n\n<li>da sara\u0111uju sa ostalim \u010dlanovima Udru\u017eenja<\/li>\n\n\n\n<li>da aktivno sudjeluju u radu Udru\u017eenja i dopirnose ostvarivanju njegovih ciljeva i sli\u010dno<\/li>\n<\/ul>\n<\/div>\n<\/div>\n","protected":false},"excerpt":{"rendered":"<p>Postani \u010dlan Pridru\u017ei nam se! Postani \u010dlan! Svojstvo \u010dlana Udru\u017eenja mo\u017ee ste\u0107i svako fizi\u010dko lice koje je dr\u017eavljanin BiH i svako strano fizi\u010dko lice koje je dr\u017eavljanin druge dr\u017eave ukoliko je njihovo profesionalno djelovanje i li\u010dni anga\u017eman u skladu sa ciljevima i djelatnosti Udru\u017eenja i ima odobren boravak u BiH. \u010clan Udru\u017eenja se postaje upisom [&hellip;]<\/p>\n","protected":false},"author":1,"featured_media":0,"parent":0,"menu_order":0,"comment_status":"closed","ping_status":"closed","template":"","meta":{"footnotes":""},"class_list":["post-663","page","type-page","status-publish","hentry"],"_links":{"self":[{"href":"https:\/\/air.ba\/index.php?rest_route=\/wp\/v2\/pages\/663","targetHints":{"allow":["GET"]}}],"collection":[{"href":"https:\/\/air.ba\/index.php?rest_route=\/wp\/v2\/pages"}],"about":[{"href":"https:\/\/air.ba\/index.php?rest_route=\/wp\/v2\/types\/page"}],"author":[{"embeddable":true,"href":"https:\/\/air.ba\/index.php?rest_route=\/wp\/v2\/users\/1"}],"replies":[{"embeddable":true,"href":"https:\/\/air.ba\/index.php?rest_route=%2Fwp%2Fv2%2Fcomments&post=663"}],"version-history":[{"count":6,"href":"https:\/\/air.ba\/index.php?rest_route=\/wp\/v2\/pages\/663\/revisions"}],"predecessor-version":[{"id":875,"href":"https:\/\/air.ba\/index.php?rest_route=\/wp\/v2\/pages\/663\/revisions\/875"}],"wp:attachment":[{"href":"https:\/\/air.ba\/index.php?rest_route=%2Fwp%2Fv2%2Fmedia&parent=663"}],"curies":[{"name":"wp","href":"https:\/\/api.w.org\/{rel}","templated":true}]}}