{"id":662,"date":"2024-03-16T18:53:00","date_gmt":"2024-03-16T18:53:00","guid":{"rendered":"https:\/\/air.ba\/?page_id=662"},"modified":"2024-03-27T10:34:24","modified_gmt":"2024-03-27T10:34:24","slug":"prava-i-obaveze-clanova","status":"publish","type":"page","link":"https:\/\/air.ba\/?page_id=662","title":{"rendered":"Prava i obaveze \u010dlanova"},"content":{"rendered":"\r\n<div class=\"wp-block-columns is-layout-flex wp-container-core-columns-is-layout-28f84493 wp-block-columns-is-layout-flex\">\r\n<div class=\"wp-block-column is-layout-flow wp-block-column-is-layout-flow\" style=\"flex-basis: 33.33%;\">\r\n<div class=\"wp-block-columns is-layout-flex wp-container-core-columns-is-layout-28f84493 wp-block-columns-is-layout-flex\">\r\n<div class=\"wp-block-column has-global-padding is-content-justification-center is-layout-constrained wp-container-core-column-is-layout-79afaa5a wp-block-column-is-layout-constrained\" style=\"flex-basis: 75%; padding: 0 var(--wp--preset--spacing--70) 0 var(--wp--preset--spacing--70);\">\r\n<div class=\"wp-block-group wow zoomIn sidebar-box has-section-bg-background-color has-background has-global-padding is-layout-constrained wp-container-core-group-is-layout-c37c750b wp-block-group-is-layout-constrained\" style=\"border-radius: 10px; border-top-color: var(--wp--preset--color--custom-color-1); border-top-width: 4px; border-bottom-color: var(--wp--preset--color--custom-color-1); border-bottom-width: 4px; margin-bottom: 50px; padding: 20px;\">\r\n<ul class=\"wp-block-list\">\r\n<li><a href=\"https:\/\/air.ba\/?page_id=649\">\u010clanstvo<\/a><\/li>\r\n\r\n\r\n\r\n<li><a href=\"https:\/\/air.ba\/?page_id=661\">Kategorije \u010dlanstva<\/a><\/li>\r\n\r\n\r\n\r\n<li><a href=\"https:\/\/air.ba\/?page_id=662\">Prava i obaveze \u010dlanova<\/a><\/li>\r\n\r\n\r\n\r\n<li><a href=\"https:\/\/air.ba\/?page_id=663\">Postani \u010dlan<\/a><\/li>\r\n<\/ul>\r\n<\/div>\r\n<\/div>\r\n<\/div>\r\n<\/div>\r\n\r\n\r\n\r\n<div class=\"wp-block-column is-layout-flow wp-block-column-is-layout-flow\" style=\"flex-basis: 66.66%;\">\r\n<h2 id=\"ko_smo_mi\" class=\"wp-block-heading has-custom-color-1-color has-text-color has-link-color wp-elements-4e8d96e3b263f1f3174aa691f365b92e\"><strong>Prava i obaveze \u010dlanova<\/strong><\/h2>\r\n\r\n\r\n\r\n<p><strong>Izvadak iz Statuta Akademsko-strukovnog udru\u017eenja internih revizora u Bosni i Hercegovini<\/strong><\/p>\r\n<p><strong>\u010clan 13.<\/strong><\/p>\r\n<p>\u010clanovi Akademskog Udru\u017eenja pla\u0107aju godi\u0161nju \u010dlanarinu.<\/p>\r\n<p>Odluku o visini \u010dlanarine koju pla\u0107aju \u010dlanovi Akademskog Udru\u017eenja donosi Upravni odbor Akademskog Udru\u017eenja.<strong>\u00a0<\/strong><\/p>\r\n<p><strong>\u010clan 14.<\/strong><\/p>\r\n<p>Prava i obaveze \u010dlanova su:<\/p>\r\n<ul>\r\n<li>da biraju i budu birani u tijela Akademskog Udru\u017eenja,<\/li>\r\n<li>da aktivno u\u010destvuju u ostvarivanju ciljeva Akademskog Udru\u017eenja,<\/li>\r\n<li>da budu redovno i blagovremeno obavije\u0161teni o aktivnostima Akademskog Udru\u017eenja,<\/li>\r\n<li>da sara\u0111uju sa ostalim \u010dlanovima Akademskog Udru\u017eenja,<\/li>\r\n<li>da aktivno sudjeluju u radu Akademskog Udru\u017eenja i doprinose ostvarivanju njegovih ciljeva,<\/li>\r\n<li>da daju prijedloge, mi\u0161ljenja i primjedbe na rad Akademskog Udru\u017eenja i njenih tijela,<\/li>\r\n<li>da se pridr\u017eavaju odredaba ovog statuta, kodeksa i drugih op\u0107ih akata Akademskog Udru\u017eenja,<\/li>\r\n<li>da lobiraju materijalno ja\u010danje Akademskog Udru\u017eenja,<\/li>\r\n<li>da redovno pla\u0107aju \u010dlanarinu,<\/li>\r\n<li>da \u010duvaju i podr\u017eavaju ugled Akademskog Udru\u017eenja i<\/li>\r\n<li>da \u00a0budu \u00a0obavije\u0161teni \u00a0o \u00a0radu \u00a0Akademskog Udru\u017eenja \u00a0i \u00a0njegovih \u00a0tijela, te \u00a0o materijalno-finansijskom poslovanju.<strong>\u00a0<\/strong><\/li>\r\n<\/ul>\r\n<p><strong>\u010clan 15.<\/strong><\/p>\r\n<p>\u010clanstvo u Akademskog Udru\u017eenju prestaje:<\/p>\r\n<ul>\r\n<li>istupanjem \u010dlana,<\/li>\r\n<li>isklju\u010denjem iz \u010dlanstva,<\/li>\r\n<li>smr\u0107u i<\/li>\r\n<li>prestankom pravnog subjektiviteta \u010dlana.<\/li>\r\n<\/ul>\r\n\r\n\r\n<hr class=\"wp-block-separator has-text-color has-custom-color-1-color has-alpha-channel-opacity has-custom-color-1-background-color has-background\" \/>\r\n\r\n\r\n<div class=\"wp-block-spacer\" style=\"height: 15px;\" aria-hidden=\"true\">\u00a0<\/div>\r\n<\/div>\r\n<\/div>\r\n","protected":false},"excerpt":{"rendered":"<p>Prava i obaveze \u010dlanova Izvadak iz Statuta Akademsko-strukovnog udru\u017eenja internih revizora u Bosni i Hercegovini \u010clan 13. \u010clanovi Akademskog Udru\u017eenja pla\u0107aju godi\u0161nju \u010dlanarinu. Odluku o visini \u010dlanarine koju pla\u0107aju \u010dlanovi Akademskog Udru\u017eenja donosi Upravni odbor Akademskog Udru\u017eenja.\u00a0 \u010clan 14. Prava i obaveze \u010dlanova su: da biraju i budu birani u tijela Akademskog Udru\u017eenja, da aktivno [&hellip;]<\/p>\n","protected":false},"author":1,"featured_media":0,"parent":0,"menu_order":0,"comment_status":"closed","ping_status":"closed","template":"","meta":{"footnotes":""},"class_list":["post-662","page","type-page","status-publish","hentry"],"_links":{"self":[{"href":"https:\/\/air.ba\/index.php?rest_route=\/wp\/v2\/pages\/662","targetHints":{"allow":["GET"]}}],"collection":[{"href":"https:\/\/air.ba\/index.php?rest_route=\/wp\/v2\/pages"}],"about":[{"href":"https:\/\/air.ba\/index.php?rest_route=\/wp\/v2\/types\/page"}],"author":[{"embeddable":true,"href":"https:\/\/air.ba\/index.php?rest_route=\/wp\/v2\/users\/1"}],"replies":[{"embeddable":true,"href":"https:\/\/air.ba\/index.php?rest_route=%2Fwp%2Fv2%2Fcomments&post=662"}],"version-history":[{"count":9,"href":"https:\/\/air.ba\/index.php?rest_route=\/wp\/v2\/pages\/662\/revisions"}],"predecessor-version":[{"id":1260,"href":"https:\/\/air.ba\/index.php?rest_route=\/wp\/v2\/pages\/662\/revisions\/1260"}],"wp:attachment":[{"href":"https:\/\/air.ba\/index.php?rest_route=%2Fwp%2Fv2%2Fmedia&parent=662"}],"curies":[{"name":"wp","href":"https:\/\/api.w.org\/{rel}","templated":true}]}}